{"id":3622,"date":"2024-01-05T20:34:24","date_gmt":"2024-01-05T17:34:24","guid":{"rendered":"https:\/\/musicalligator.com\/main\/"},"modified":"2025-04-22T18:16:01","modified_gmt":"2025-04-22T15:16:01","slug":"main","status":"publish","type":"page","link":"https:\/\/musicalligator.com\/sv\/","title":{"rendered":"Huvud"},"content":{"rendered":"\t\t<div data-elementor-type=\"wp-page\" data-elementor-id=\"3622\" class=\"elementor elementor-3622 elementor-2\" data-elementor-post-type=\"page\">\n\t\t\t\t<div class=\"elementor-element elementor-element-6486b32e e-flex e-con-boxed e-con e-parent\" data-id=\"6486b32e\" data-element_type=\"container\">\n\t\t\t\t\t<div class=\"e-con-inner\">\n\t\t\t\t<div class=\"elementor-element elementor-element-59a1cfc8 elementor-widget elementor-widget-text-editor\" data-id=\"59a1cfc8\" data-element_type=\"widget\" data-widget_type=\"text-editor.default\">\n\t\t\t\t<div class=\"elementor-widget-container\">\n\t\t\t\t\t\t\t\t\t<p class=\"premium_top\">Premium<\/p>\r\n\r\n<h1 class=\"wp-block-heading has-text-align-center green_h1 m_di music-text\">MUSIKDISTRIBUTION<\/h1>\r\n<p class=\"starts_h_top\">B\u00d6RJAR H\u00c4R<\/p>\r\n\r\n<div class=\"text_top_af\">\r\n<div class=\"icon-list\"><img decoding=\"async\" class=\"icon top_sp\" src=\"\/wp-content\/themes\/musicalligator\/assets\/images\/check_small.svg\" \/> SKIVBOLAG<\/div>\r\n<div class=\"icon-list\"><img decoding=\"async\" class=\"icon top_sp\" src=\"\/wp-content\/themes\/musicalligator\/assets\/images\/check_small.svg\" \/> OBEROENDE ARTISTER<\/div>\r\n<div class=\"icon-list\"><img decoding=\"async\" class=\"icon top_sp\" src=\"\/wp-content\/themes\/musicalligator\/assets\/images\/check_small.svg\" \/> CHEFER INOM MUSIKINDUSTRIN<\/div>\r\n<\/div>\r\n<div class=\"wp-block-spacer\" style=\"height: 34px;\" aria-hidden=\"true\"><\/div>\r\n<div class=\"wp-block-buttons alignwide\">\r\n<div class=\"wp-block-button is-style-outline\" style=\"display: flex; justify-content: center; align-items: center; padding-bottom: 30px;\"><a class=\"wp-block-button__link has-text-color has-link-color has-text-align-center wp-element-button sign_but\" style=\"border-radius: 10px; color: #32d979;\" href=\"https:\/\/app.musicalligator.com\/auth\/signup\">Registrera dig<\/a><\/div>\r\n<\/div>\t\t\t\t\t\t\t\t<\/div>\n\t\t\t\t<\/div>\n\t\t\t\t<div class=\"elementor-element elementor-element-b5e9462 elementor-widget elementor-widget-spacer\" data-id=\"b5e9462\" data-element_type=\"widget\" data-widget_type=\"spacer.default\">\n\t\t\t\t<div class=\"elementor-widget-container\">\n\t\t\t\t\t\t\t<div class=\"elementor-spacer\">\n\t\t\t<div class=\"elementor-spacer-inner\"><\/div>\n\t\t<\/div>\n\t\t\t\t\t\t<\/div>\n\t\t\t\t<\/div>\n\t\t\t\t\t<\/div>\n\t\t\t\t<\/div>\n\t\t\t\t<\/div>\n\t\t","protected":false},"excerpt":{"rendered":"<p>Premium MUSIKDISTRIBUTION B\u00d6RJAR H\u00c4R SKIVBOLAG OBEROENDE ARTISTER CHEFER INOM MUSIKINDUSTRIN Registrera dig<\/p>\n","protected":false},"author":1,"featured_media":3643,"parent":0,"menu_order":0,"comment_status":"closed","ping_status":"open","template":"page-template-home.php","meta":{"footnotes":""},"class_list":["post-3622","page","type-page","status-publish","has-post-thumbnail","hentry"],"acf":[],"yoast_head":"<!-- This site is optimized with the Yoast SEO plugin v26.1.1 - https:\/\/yoast.com\/wordpress\/plugins\/seo\/ -->\n<title>Distribution av musik: Digital tj\u00e4nst f\u00f6r artister och skivbolag<\/title>\n<meta name=\"description\" content=\"Utforska den snabbaste digitala musikdistributionstj\u00e4nsten f\u00f6r oberoende artister och skivbolag. F\u00e5 global och regional exponering med v\u00e5r white label-plattform. G\u00e5 med i v\u00e5rt f\u00f6retag f\u00f6r o\u00f6vertr\u00e4ffade online-musikdistributionsavtal.\" \/>\n<meta name=\"robots\" content=\"index, follow, max-snippet:-1, max-image-preview:large, max-video-preview:-1\" \/>\n<link rel=\"canonical\" href=\"https:\/\/musicalligator.com\/sv\/\" \/>\n<meta property=\"og:locale\" content=\"sv_SE\" \/>\n<meta property=\"og:type\" content=\"article\" \/>\n<meta property=\"og:title\" content=\"Distribution av musik: Digital tj\u00e4nst f\u00f6r artister och skivbolag\" \/>\n<meta property=\"og:description\" content=\"Utforska den snabbaste digitala musikdistributionstj\u00e4nsten f\u00f6r oberoende artister och skivbolag. F\u00e5 global och regional exponering med v\u00e5r white label-plattform. G\u00e5 med i v\u00e5rt f\u00f6retag f\u00f6r o\u00f6vertr\u00e4ffade online-musikdistributionsavtal.\" \/>\n<meta property=\"og:url\" content=\"https:\/\/musicalligator.com\/sv\/\" \/>\n<meta property=\"og:site_name\" content=\"MusicAlligator\" \/>\n<meta property=\"article:modified_time\" content=\"2025-04-22T15:16:01+00:00\" \/>\n<meta property=\"og:image\" content=\"https:\/\/musicalligator.com\/wp-content\/uploads\/2024\/08\/logo-app-MusicAlligator.png\" \/>\n\t<meta property=\"og:image:width\" content=\"512\" \/>\n\t<meta property=\"og:image:height\" content=\"512\" \/>\n\t<meta property=\"og:image:type\" content=\"image\/png\" \/>\n<meta name=\"twitter:card\" content=\"summary_large_image\" \/>\n<meta name=\"twitter:label1\" content=\"Est. reading time\" \/>\n\t<meta name=\"twitter:data1\" content=\"1 minute\" \/>\n<script type=\"application\/ld+json\" class=\"yoast-schema-graph\">{\"@context\":\"https:\/\/schema.org\",\"@graph\":[{\"@type\":\"WebPage\",\"@id\":\"https:\/\/musicalligator.com\/sv\/\",\"url\":\"https:\/\/musicalligator.com\/sv\/\",\"name\":\"Distribution av musik: Digital tj\u00e4nst f\u00f6r artister och skivbolag\",\"isPartOf\":{\"@id\":\"https:\/\/musicalligator.com\/sv\/#website\"},\"primaryImageOfPage\":{\"@id\":\"https:\/\/musicalligator.com\/sv\/#primaryimage\"},\"image\":{\"@id\":\"https:\/\/musicalligator.com\/sv\/#primaryimage\"},\"thumbnailUrl\":\"https:\/\/musicalligator.com\/wp-content\/uploads\/2024\/08\/logo-app-MusicAlligator.png\",\"datePublished\":\"2024-01-05T17:34:24+00:00\",\"dateModified\":\"2025-04-22T15:16:01+00:00\",\"description\":\"Utforska den snabbaste digitala musikdistributionstj\u00e4nsten f\u00f6r oberoende artister och skivbolag. F\u00e5 global och regional exponering med v\u00e5r white label-plattform. G\u00e5 med i v\u00e5rt f\u00f6retag f\u00f6r o\u00f6vertr\u00e4ffade online-musikdistributionsavtal.\",\"breadcrumb\":{\"@id\":\"https:\/\/musicalligator.com\/sv\/#breadcrumb\"},\"inLanguage\":\"sv-SE\",\"potentialAction\":[{\"@type\":\"ReadAction\",\"target\":[\"https:\/\/musicalligator.com\/sv\/\"]}]},{\"@type\":\"ImageObject\",\"inLanguage\":\"sv-SE\",\"@id\":\"https:\/\/musicalligator.com\/sv\/#primaryimage\",\"url\":\"https:\/\/musicalligator.com\/wp-content\/uploads\/2024\/08\/logo-app-MusicAlligator.png\",\"contentUrl\":\"https:\/\/musicalligator.com\/wp-content\/uploads\/2024\/08\/logo-app-MusicAlligator.png\",\"width\":512,\"height\":512},{\"@type\":\"BreadcrumbList\",\"@id\":\"https:\/\/musicalligator.com\/sv\/#breadcrumb\",\"itemListElement\":[{\"@type\":\"ListItem\",\"position\":1,\"name\":\"Home\",\"item\":\"https:\/\/musicalligator.com\/sv\/main\/\"},{\"@type\":\"ListItem\",\"position\":2,\"name\":\"Huvud\"}]},{\"@type\":\"WebSite\",\"@id\":\"https:\/\/musicalligator.com\/sv\/#website\",\"url\":\"https:\/\/musicalligator.com\/sv\/\",\"name\":\"Music Distribution: Digital Service for Artists & Labels\",\"description\":\"Explore the fastest digital music distribution service for independent artists &amp; labels. Get global and regional exposure with our white label platform. Join our company for unparalleled online music distribution deals.\",\"publisher\":{\"@id\":\"https:\/\/musicalligator.com\/sv\/#organization\"},\"alternateName\":\"Musicalligator\",\"potentialAction\":[{\"@type\":\"SearchAction\",\"target\":{\"@type\":\"EntryPoint\",\"urlTemplate\":\"https:\/\/musicalligator.com\/sv\/?s={search_term_string}\"},\"query-input\":{\"@type\":\"PropertyValueSpecification\",\"valueRequired\":true,\"valueName\":\"search_term_string\"}}],\"inLanguage\":\"sv-SE\"},{\"@type\":\"Organization\",\"@id\":\"https:\/\/musicalligator.com\/sv\/#organization\",\"name\":\"Music Distribution: Digital Service for Artists & Labels\",\"alternateName\":\"Musicalligator\",\"url\":\"https:\/\/musicalligator.com\/sv\/\",\"logo\":{\"@type\":\"ImageObject\",\"inLanguage\":\"sv-SE\",\"@id\":\"https:\/\/musicalligator.com\/sv\/#\/schema\/logo\/image\/\",\"url\":\"https:\/\/musicalligator.com\/wp-content\/uploads\/2024\/08\/logo-app-MusicAlligator.png\",\"contentUrl\":\"https:\/\/musicalligator.com\/wp-content\/uploads\/2024\/08\/logo-app-MusicAlligator.png\",\"width\":512,\"height\":512,\"caption\":\"Music Distribution: Digital Service for Artists & Labels\"},\"image\":{\"@id\":\"https:\/\/musicalligator.com\/sv\/#\/schema\/logo\/image\/\"}}]}<\/script>\n<!-- \/ Yoast SEO plugin. -->","yoast_head_json":{"title":"Distribution av musik: Digital tj\u00e4nst f\u00f6r artister och skivbolag","description":"Utforska den snabbaste digitala musikdistributionstj\u00e4nsten f\u00f6r oberoende artister och skivbolag. F\u00e5 global och regional exponering med v\u00e5r white label-plattform. G\u00e5 med i v\u00e5rt f\u00f6retag f\u00f6r o\u00f6vertr\u00e4ffade online-musikdistributionsavtal.","robots":{"index":"index","follow":"follow","max-snippet":"max-snippet:-1","max-image-preview":"max-image-preview:large","max-video-preview":"max-video-preview:-1"},"canonical":"https:\/\/musicalligator.com\/sv\/","og_locale":"sv_SE","og_type":"article","og_title":"Distribution av musik: Digital tj\u00e4nst f\u00f6r artister och skivbolag","og_description":"Utforska den snabbaste digitala musikdistributionstj\u00e4nsten f\u00f6r oberoende artister och skivbolag. F\u00e5 global och regional exponering med v\u00e5r white label-plattform. G\u00e5 med i v\u00e5rt f\u00f6retag f\u00f6r o\u00f6vertr\u00e4ffade online-musikdistributionsavtal.","og_url":"https:\/\/musicalligator.com\/sv\/","og_site_name":"MusicAlligator","article_modified_time":"2025-04-22T15:16:01+00:00","og_image":[{"width":512,"height":512,"url":"https:\/\/musicalligator.com\/wp-content\/uploads\/2024\/08\/logo-app-MusicAlligator.png","type":"image\/png"}],"twitter_card":"summary_large_image","twitter_misc":{"Est. reading time":"1 minute"},"schema":{"@context":"https:\/\/schema.org","@graph":[{"@type":"WebPage","@id":"https:\/\/musicalligator.com\/sv\/","url":"https:\/\/musicalligator.com\/sv\/","name":"Distribution av musik: Digital tj\u00e4nst f\u00f6r artister och skivbolag","isPartOf":{"@id":"https:\/\/musicalligator.com\/sv\/#website"},"primaryImageOfPage":{"@id":"https:\/\/musicalligator.com\/sv\/#primaryimage"},"image":{"@id":"https:\/\/musicalligator.com\/sv\/#primaryimage"},"thumbnailUrl":"https:\/\/musicalligator.com\/wp-content\/uploads\/2024\/08\/logo-app-MusicAlligator.png","datePublished":"2024-01-05T17:34:24+00:00","dateModified":"2025-04-22T15:16:01+00:00","description":"Utforska den snabbaste digitala musikdistributionstj\u00e4nsten f\u00f6r oberoende artister och skivbolag. F\u00e5 global och regional exponering med v\u00e5r white label-plattform. G\u00e5 med i v\u00e5rt f\u00f6retag f\u00f6r o\u00f6vertr\u00e4ffade online-musikdistributionsavtal.","breadcrumb":{"@id":"https:\/\/musicalligator.com\/sv\/#breadcrumb"},"inLanguage":"sv-SE","potentialAction":[{"@type":"ReadAction","target":["https:\/\/musicalligator.com\/sv\/"]}]},{"@type":"ImageObject","inLanguage":"sv-SE","@id":"https:\/\/musicalligator.com\/sv\/#primaryimage","url":"https:\/\/musicalligator.com\/wp-content\/uploads\/2024\/08\/logo-app-MusicAlligator.png","contentUrl":"https:\/\/musicalligator.com\/wp-content\/uploads\/2024\/08\/logo-app-MusicAlligator.png","width":512,"height":512},{"@type":"BreadcrumbList","@id":"https:\/\/musicalligator.com\/sv\/#breadcrumb","itemListElement":[{"@type":"ListItem","position":1,"name":"Home","item":"https:\/\/musicalligator.com\/sv\/main\/"},{"@type":"ListItem","position":2,"name":"Huvud"}]},{"@type":"WebSite","@id":"https:\/\/musicalligator.com\/sv\/#website","url":"https:\/\/musicalligator.com\/sv\/","name":"Music Distribution: Digital Service for Artists & Labels","description":"Explore the fastest digital music distribution service for independent artists &amp; labels. Get global and regional exposure with our white label platform. Join our company for unparalleled online music distribution deals.","publisher":{"@id":"https:\/\/musicalligator.com\/sv\/#organization"},"alternateName":"Musicalligator","potentialAction":[{"@type":"SearchAction","target":{"@type":"EntryPoint","urlTemplate":"https:\/\/musicalligator.com\/sv\/?s={search_term_string}"},"query-input":{"@type":"PropertyValueSpecification","valueRequired":true,"valueName":"search_term_string"}}],"inLanguage":"sv-SE"},{"@type":"Organization","@id":"https:\/\/musicalligator.com\/sv\/#organization","name":"Music Distribution: Digital Service for Artists & Labels","alternateName":"Musicalligator","url":"https:\/\/musicalligator.com\/sv\/","logo":{"@type":"ImageObject","inLanguage":"sv-SE","@id":"https:\/\/musicalligator.com\/sv\/#\/schema\/logo\/image\/","url":"https:\/\/musicalligator.com\/wp-content\/uploads\/2024\/08\/logo-app-MusicAlligator.png","contentUrl":"https:\/\/musicalligator.com\/wp-content\/uploads\/2024\/08\/logo-app-MusicAlligator.png","width":512,"height":512,"caption":"Music Distribution: Digital Service for Artists & Labels"},"image":{"@id":"https:\/\/musicalligator.com\/sv\/#\/schema\/logo\/image\/"}}]}},"_links":{"self":[{"href":"https:\/\/musicalligator.com\/sv\/wp-json\/wp\/v2\/pages\/3622","targetHints":{"allow":["GET"]}}],"collection":[{"href":"https:\/\/musicalligator.com\/sv\/wp-json\/wp\/v2\/pages"}],"about":[{"href":"https:\/\/musicalligator.com\/sv\/wp-json\/wp\/v2\/types\/page"}],"author":[{"embeddable":true,"href":"https:\/\/musicalligator.com\/sv\/wp-json\/wp\/v2\/users\/1"}],"replies":[{"embeddable":true,"href":"https:\/\/musicalligator.com\/sv\/wp-json\/wp\/v2\/comments?post=3622"}],"version-history":[{"count":16,"href":"https:\/\/musicalligator.com\/sv\/wp-json\/wp\/v2\/pages\/3622\/revisions"}],"predecessor-version":[{"id":4750,"href":"https:\/\/musicalligator.com\/sv\/wp-json\/wp\/v2\/pages\/3622\/revisions\/4750"}],"wp:featuredmedia":[{"embeddable":true,"href":"https:\/\/musicalligator.com\/sv\/wp-json\/wp\/v2\/media\/3643"}],"wp:attachment":[{"href":"https:\/\/musicalligator.com\/sv\/wp-json\/wp\/v2\/media?parent=3622"}],"curies":[{"name":"wp","href":"https:\/\/api.w.org\/{rel}","templated":true}]}}