{"id":3393,"date":"2024-01-06T19:04:13","date_gmt":"2024-01-06T16:04:13","guid":{"rendered":"https:\/\/musicalligator.com\/public-offer\/"},"modified":"2024-12-10T17:24:09","modified_gmt":"2024-12-10T14:24:09","slug":"offentligt-erbjudande","status":"publish","type":"page","link":"https:\/\/musicalligator.com\/sv\/offentligt-erbjudande\/","title":{"rendered":"AVTAL OM OFFENTLIGT ERBJUDANDE AV MODERERINGSTJ\u00c4NSTER"},"content":{"rendered":"\n<h4 class=\"wp-block-heading\"><strong>1. ALLM\u00c4NNA BEST\u00c4MMELSER<\/strong><\/h4>\n\n<p>MUSIC ALLIGATOR LTD, nedan kallad &#8220;Moderatorn&#8221;, erbjuder h\u00e4rmed personer som \u00e4r intresserade av dess tj\u00e4nster (nedan kallad &#8220;Kunden&#8221;) m\u00f6jligheten att ing\u00e5 ett serviceavtal (nedan kallat &#8220;Avtalet&#8221;).<\/p>\n\n<p>Accept av villkoren i detta erbjudande sker i samband med betalning av tj\u00e4nsterna i enlighet med vald tj\u00e4nst.\nGenom att acceptera villkoren nedan och g\u00f6ra betalningen accepterar den person som utf\u00f6r dessa \u00e5tg\u00e4rder detta erbjudande och blir kund.\nL\u00e4s d\u00e4rf\u00f6r noggrant igenom avtalstexten och om du inte h\u00e5ller med om n\u00e5got villkor f\u00f6resl\u00e5r Moderatorn att du avst\u00e5r fr\u00e5n att ing\u00e5 avtalet och utf\u00f6ra n\u00e5gra \u00e5tg\u00e4rder som syftar till att ta emot tj\u00e4nster.  <\/p>\n\n<p>Fullst\u00e4ndig och ovillkorlig accept av detta erbjudande inneb\u00e4r att Kunden godk\u00e4nner villkoren i Avtalet genom att kryssa i rutan &#8220;Jag accepterar villkoren i Public Offer Agreement f\u00f6r modereringstj\u00e4nster&#8221;.<\/p>\n\n<h4 class=\"wp-block-heading\"><strong>2. TERMER OCH DEFINITIONER<\/strong><\/h4>\n\n<p>I detta erbjudande, om inte sammanhanget kr\u00e4ver annat, har f\u00f6ljande termer f\u00f6ljande betydelser:<\/p>\n\n<p>&#8211; &#8220;Erbjudande&#8221; &#8211; ett offentligt f\u00f6rslag fr\u00e5n Moderatorn, riktat till en person, om att ing\u00e5 ett avtal med denne p\u00e5 de befintliga villkor som anges i Kontraktet, inklusive alla bilagor till detta.<\/p>\n\n<p>&#8211; &#8220;Kund&#8221; &#8211; en person som har ing\u00e5tt ett avtal med Moderatorn p\u00e5 de villkor som anges i avtalet (juridisk person, enskild person, enskild f\u00f6retagare).<\/p>\n\n<p>&#8211; &#8220;Godk\u00e4nnande&#8221; &#8211; Kundens fullst\u00e4ndiga och ovillkorliga godk\u00e4nnande av Avtalsvillkoren.<\/p>\n\n<p>&#8211; &#8220;Service&#8221; &#8211; modereringstj\u00e4nst f\u00f6r en musikutg\u00e5va.<\/p>\n\n<p>&#8211; &#8220;Moderering&#8221; &#8211; processen f\u00f6r att kontrollera en musikutg\u00e5va som laddats upp av kunden till deras personliga konto f\u00f6r \u00f6verensst\u00e4mmelse med de krav som st\u00e4lls av moderator.<\/p>\n\n<p>&#8211; &#8220;Music Release&#8221; &#8211; en upps\u00e4ttning musikaliska kompositioner som kombinerats av Kunden f\u00f6r uppladdning f\u00f6r moderering.<\/p>\n\n<p>&#8211; &#8220;Internettj\u00e4nst (plattform)&#8221; &#8211; h\u00e5rdvara och programvara som \u00e4r integrerad med webbplatsen.<\/p>\n\n<p>&#8211; &#8220;Moderatorns webbplats&#8221; &#8211; <a href=\"httpss:\/\/musicalligator.com\/\"><u>httpss:\/\/musicalligator.com<\/u><u>\/<\/u><\/a>.<\/p>\n\n<p>&#8211; &#8220;Krav f\u00f6r musikrelease&#8221;:<\/p>\n\n<p>&#8211; Originalitet.\n\u00d6verensst\u00e4mmelse med tredje parts exklusiva och\/eller upphovsr\u00e4ttsliga r\u00e4ttigheter till musikutg\u00e5van, dess omslag och annat material som \u00e5tf\u00f6ljer musikutg\u00e5van. <\/p>\n\n<p>&#8211; Coverversioner av l\u00e5tar.\nEndast lagliga och officiella covers med licensavtal fr\u00e5n upphovsr\u00e4ttsinnehavare accepteras.\nSoundtracks, coverversioner eller hyllningsl\u00e5tar som \u00e4r mycket lika originalet \u00e4r inte till\u00e5tna.  <\/p>\n\n<p>&#8211; Ljudsp\u00e5ret ska inte vara ett kort ljudfragment, ett sampel eller en specialeffekt (FX).<\/p>\n\n<p>&#8211; Varaktighet.\nDen acceptabla sp\u00e5rl\u00e4ngden \u00e4r mer \u00e4n 1 minut, med undantag f\u00f6r &#8220;Skit&#8221; eller &#8220;Intro&#8221; versioner. <\/p>\n\n<p>&#8211; Kvalitet.\nDet finns inga ljudf\u00f6rvr\u00e4ngningar, pauser, avbrott eller andra ljudfel i musikutg\u00e5van.\nInspelningar av l\u00e5g kvalitet \u00e4r inte till\u00e5tna (v\u00e4sande, d\u00e5lig inspelning, oprofessionellt gjorda och mixade sp\u00e5r, glitchar, osk\u00e4rpa, avsaknad av ljud, osynkroniserat ljud).  <\/p>\n\n<p>&#8211; Kulturella \u00f6verv\u00e4ganden.\nHatpropaganda baserad p\u00e5 ras, religion, k\u00f6n, sexuell l\u00e4ggning, nationellt\/etniskt ursprung eller andra egenskaper \u00e4r inte till\u00e5ten.\nDet \u00e4r ditt ansvar att bekanta dig med lokala lagar och kulturella normer.\nInneh\u00e5llet m\u00e5ste vara lagligt och \u00f6verensst\u00e4mma med de moraliska normerna i det land eller den region d\u00e4r sp\u00e5ret kommer att spelas.   <\/p>\n\n<p>&#8211; Material som inneh\u00e5ller \u00f6verdrivet st\u00f6tande inneh\u00e5ll, drogpropaganda, diskussioner om rasistiska eller politiska \u00e4mnen, f\u00f6rol\u00e4mpningar \u00e4r inte till\u00e5tet.<\/p>\n\n<p>&#8211; &#8220;Tj\u00e4nster&#8221; &#8211; en upps\u00e4ttning tj\u00e4nster och deras kostnad, publicerade p\u00e5 Internet p\u00e5 <a href=\"httpss:\/\/musicalligator.com\/public-offer\/\">httpss:\/\/musicalligator.com\/public-offer\/<\/a>. Kunden \u00e4r ansvarig f\u00f6r att sp\u00e5ra \u00e4ndringar i tj\u00e4nsterna. <\/p>\n\n<h4 class=\"wp-block-heading\"><strong>3. F\u00d6REM\u00c5LET F\u00d6R AVTALET<\/strong><\/h4>\n\n<p>3.1.\nThe Moderator provides the Customer with services according to the Service chosen by the Customer, indicated at the link <a href=\"\">httpss:\/\/musicalligator.com\/public-offer\/<\/a>, and the Customer pays for these services. <\/p>\n\n<p>3.2.\nIf the Moderator makes changes to the Services, services to the Customer continue to be provided based on the service that they selected and paid for. <\/p>\n\n<h4 class=\"wp-block-heading\"><strong>4. TIDSPERIOD F\u00d6R TILLHANDAH\u00c5LLANDE AV TJ\u00c4NSTER<\/strong><\/h4>\n\n<p>4.1.\nThe term of service provision depends on the selected service. <\/p>\n\n<h4 class=\"wp-block-heading\"><strong>5. KOSTNADER F\u00d6R TJ\u00c4NSTER OCH BETALNINGSF\u00d6RFARANDE<\/strong><\/h4>\n\n<p>5.1.\nThe cost of services depends on the selected service. <\/p>\n\n<p>5.2.\nPayment for services is made on the Moderator\u2019s website by cashless transfer of funds to the Moderator\u2019s details specified on the website. <\/p>\n\n<p>5.3.\nThe moment of payment is considered the moment when funds are received in the Moderator\u2019s bank account. <\/p>\n\n<h4 class=\"wp-block-heading\"><strong>6. PROCESS F\u00d6R TILLHANDAH\u00c5LLANDE AV TJ\u00c4NSTER<\/strong><\/h4>\n\n<p>6.1.\nThe Customer selects a Service and makes payment for services in accordance with the Service. <\/p>\n\n<p>6.2.\nAfter payment, the Customer sends the music release to the Moderator for service provision through their personal account in the online service. <\/p>\n\n<p>6.3.\nUpon receiving payment for the services, the Moderator begins to provide the services. <\/p>\n\n<p>6.4.\nThe result of the provided services for Moderation is one of the following decisions made by the Moderator regarding the music release: <\/p>\n\n<p>6.4.1.\nApproval of the music release for its further use (if the music release meets the requirements of the Agreement); <\/p>\n\n<p>6.4.2.\nRefusal to approve the music release for further use (if the music release has violations); <\/p>\n\n<p>6.4.3.\nSending the music release for revision (if the music release has defects or infringes the rights of third parties). <\/p>\n\n<p>6.5.\nIn case the music release is sent for revision for reasons specified in section 6.4.3.\nof the Agreement, the Customer has the right within 3 calendar days from receiving notification from the Moderator to provide documents of title to the disputed result of intellectual activity.  <\/p>\n\n<p>6.5.1.\nIf documentary evidence that meets the requirements of the law is provided within the specified period, the provision of services regarding the music release will continue. <\/p>\n\n<p>6.5.2.\nIf documentary evidence is not provided within the specified period, services regarding the music release are considered to have been provided.\nIn this case, the cost of services is non-refundable.  <\/p>\n\n<p>6.6.\nIn case of refusal to approve the music release for further use, the cost of services is non-refundable.\nResending such a music release for moderation means the provision of services regarding this music release from the beginning.  <\/p>\n\n<h4 class=\"wp-block-heading\"><strong>7. MODERATORNS ANSVAR<\/strong><\/h4>\n\n<p>7.1.\nThe Customer understands and agrees that the final decision on including the music release in playlists is made by platform editors, so the Moderator is not responsible for a platform\u2019s refusal to include the music release in playlists. <\/p>\n\n<p>7.2.\nThe Moderator provides services according to the Service chosen by the Customer and is not responsible for the Customer\u2019s infringement of third-party rights, as well as for violation of other requirements for music releases established by legislation. <\/p>\n\n<p>7.3.\nIn case the Customer violates the conditions on the ways of using the Moderator\u2019s online service, the Moderator has the right to unilaterally suspend the provision of Services, the Customer\u2019s access to the personal account on the Moderator\u2019s website or refuse to execute the Agreement and demand compensation for damages caused by the termination of the Agreement. <\/p>\n\n<h4 class=\"wp-block-heading\"><strong>8. \u00c4NDRINGAR AV VILLKOREN F\u00d6R ERBJUDANDET<\/strong><\/h4>\n\n<p>8.1.\nThe Moderator reserves the right to make changes to the terms of the Agreement and\/or withdraw the Agreement at any time at its discretion. <\/p>\n\n<p>8.2.\nIn case the Moderator makes changes to the Agreement, such changes take effect from the moment the amended text of the Agreement is posted on the Internet at <a href=\"\">httpss:\/\/musicalligator.com\/<\/a>, unless a different term for the changes to take effect is additionally defined at such posting. <\/p>\n\n<h4 class=\"wp-block-heading\"><strong>9. SLUTBEST\u00c4MMELSER<\/strong><\/h4>\n\n<p>9.1.\nThe Customer confirms that all terms of this Agreement are clear to him, and he accepts them unconditionally and in full. <\/p>\n\n<p>9.2.\nThis Offer-Agreement becomes effective upon the Customer\u2019s acceptance of the offer and remains in force until the parties fully fulfill their obligations. <\/p>\n\n<p>9.3.\nThe Moderator has the right to unilaterally refuse to provide Services if the Customer violates any terms of this offer. <\/p>\n\n<p>9.4. All changes, appendices, and additions to this Contract are its integral parts. <\/p>\n\n<p><strong>Moderatorns kontaktuppgifter:<\/strong><\/p>\n\n<p>MUSIK ALLIGATOR LTD<\/p>\n\n<p>Registrerat kontor bel\u00e4get p\u00e5: 7 Bell Yard, London, England, WC2A 2JR<\/p>\n","protected":false},"excerpt":{"rendered":"<p>1. ALLM\u00c4NNA BEST\u00c4MMELSER MUSIC ALLIGATOR LTD, nedan kallad &#8220;Moderatorn&#8221;, erbjuder h\u00e4rmed personer som \u00e4r intresserade av dess tj\u00e4nster (nedan kallad&#8230;<\/p>\n","protected":false},"author":1,"featured_media":0,"parent":0,"menu_order":0,"comment_status":"closed","ping_status":"closed","template":"","meta":{"footnotes":""},"class_list":["post-3393","page","type-page","status-publish","hentry"],"acf":[],"yoast_head":"<!-- This site is optimized with the Yoast SEO plugin v26.1.1 - https:\/\/yoast.com\/wordpress\/plugins\/seo\/ -->\n<title>AVTAL OM OFFENTLIGT ERBJUDANDE AV MODERERINGSTJ\u00c4NSTER - Distribuera din musik med Music Alligator<\/title>\n<meta name=\"description\" content=\"Avtal om offentligt erbjudande f\u00f6r modereringstj\u00e4nster MusicAlligator. Vi distribuerar din musik p\u00e5 Spotify, Apple Music, YouTube Music, Amazon Music och 70 andra plattformar. Bes\u00f6k oss f\u00f6r att f\u00e5 dina l\u00e5tar p\u00e5 de b\u00e4sta spellistorna!\" \/>\n<meta name=\"robots\" content=\"noindex, nofollow\" \/>\n<meta property=\"og:locale\" content=\"sv_SE\" \/>\n<meta property=\"og:type\" content=\"article\" \/>\n<meta property=\"og:title\" content=\"AVTAL OM OFFENTLIGT ERBJUDANDE AV MODERERINGSTJ\u00c4NSTER - Distribuera din musik med Music Alligator\" \/>\n<meta property=\"og:description\" content=\"Avtal om offentligt erbjudande f\u00f6r modereringstj\u00e4nster MusicAlligator. Vi distribuerar din musik p\u00e5 Spotify, Apple Music, YouTube Music, Amazon Music och 70 andra plattformar. Bes\u00f6k oss f\u00f6r att f\u00e5 dina l\u00e5tar p\u00e5 de b\u00e4sta spellistorna!\" \/>\n<meta property=\"og:url\" content=\"https:\/\/musicalligator.com\/sv\/offentligt-erbjudande\/\" \/>\n<meta property=\"og:site_name\" content=\"MusicAlligator\" \/>\n<meta property=\"article:modified_time\" content=\"2024-12-10T14:24:09+00:00\" \/>\n<meta name=\"twitter:card\" content=\"summary_large_image\" \/>\n<meta name=\"twitter:label1\" content=\"Est. reading time\" \/>\n\t<meta name=\"twitter:data1\" content=\"7 minutes\" \/>\n<script type=\"application\/ld+json\" class=\"yoast-schema-graph\">{\"@context\":\"https:\/\/schema.org\",\"@graph\":[{\"@type\":\"WebPage\",\"@id\":\"https:\/\/musicalligator.com\/sv\/offentligt-erbjudande\/\",\"url\":\"https:\/\/musicalligator.com\/sv\/offentligt-erbjudande\/\",\"name\":\"AVTAL OM OFFENTLIGT ERBJUDANDE AV MODERERINGSTJ\u00c4NSTER - Distribuera din musik med Music Alligator\",\"isPartOf\":{\"@id\":\"https:\/\/musicalligator.com\/sv\/#website\"},\"datePublished\":\"2024-01-06T16:04:13+00:00\",\"dateModified\":\"2024-12-10T14:24:09+00:00\",\"description\":\"Avtal om offentligt erbjudande f\u00f6r modereringstj\u00e4nster MusicAlligator. Vi distribuerar din musik p\u00e5 Spotify, Apple Music, YouTube Music, Amazon Music och 70 andra plattformar. Bes\u00f6k oss f\u00f6r att f\u00e5 dina l\u00e5tar p\u00e5 de b\u00e4sta spellistorna!\",\"breadcrumb\":{\"@id\":\"https:\/\/musicalligator.com\/sv\/offentligt-erbjudande\/#breadcrumb\"},\"inLanguage\":\"sv-SE\",\"potentialAction\":[{\"@type\":\"ReadAction\",\"target\":[\"https:\/\/musicalligator.com\/sv\/offentligt-erbjudande\/\"]}]},{\"@type\":\"BreadcrumbList\",\"@id\":\"https:\/\/musicalligator.com\/sv\/offentligt-erbjudande\/#breadcrumb\",\"itemListElement\":[{\"@type\":\"ListItem\",\"position\":1,\"name\":\"Home\",\"item\":\"https:\/\/musicalligator.com\/sv\/main\/\"},{\"@type\":\"ListItem\",\"position\":2,\"name\":\"AVTAL OM OFFENTLIGT ERBJUDANDE AV MODERERINGSTJ\u00c4NSTER\"}]},{\"@type\":\"WebSite\",\"@id\":\"https:\/\/musicalligator.com\/sv\/#website\",\"url\":\"https:\/\/musicalligator.com\/sv\/\",\"name\":\"Music Distribution: Digital Service for Artists & Labels\",\"description\":\"Explore the fastest digital music distribution service for independent artists &amp; labels. Get global and regional exposure with our white label platform. Join our company for unparalleled online music distribution deals.\",\"publisher\":{\"@id\":\"https:\/\/musicalligator.com\/sv\/#organization\"},\"alternateName\":\"Musicalligator\",\"potentialAction\":[{\"@type\":\"SearchAction\",\"target\":{\"@type\":\"EntryPoint\",\"urlTemplate\":\"https:\/\/musicalligator.com\/sv\/?s={search_term_string}\"},\"query-input\":{\"@type\":\"PropertyValueSpecification\",\"valueRequired\":true,\"valueName\":\"search_term_string\"}}],\"inLanguage\":\"sv-SE\"},{\"@type\":\"Organization\",\"@id\":\"https:\/\/musicalligator.com\/sv\/#organization\",\"name\":\"Music Distribution: Digital Service for Artists & Labels\",\"alternateName\":\"Musicalligator\",\"url\":\"https:\/\/musicalligator.com\/sv\/\",\"logo\":{\"@type\":\"ImageObject\",\"inLanguage\":\"sv-SE\",\"@id\":\"https:\/\/musicalligator.com\/sv\/#\/schema\/logo\/image\/\",\"url\":\"https:\/\/musicalligator.com\/wp-content\/uploads\/2024\/08\/logo-app-MusicAlligator.png\",\"contentUrl\":\"https:\/\/musicalligator.com\/wp-content\/uploads\/2024\/08\/logo-app-MusicAlligator.png\",\"width\":512,\"height\":512,\"caption\":\"Music Distribution: Digital Service for Artists & Labels\"},\"image\":{\"@id\":\"https:\/\/musicalligator.com\/sv\/#\/schema\/logo\/image\/\"}}]}<\/script>\n<!-- \/ Yoast SEO plugin. -->","yoast_head_json":{"title":"AVTAL OM OFFENTLIGT ERBJUDANDE AV MODERERINGSTJ\u00c4NSTER - Distribuera din musik med Music Alligator","description":"Avtal om offentligt erbjudande f\u00f6r modereringstj\u00e4nster MusicAlligator. Vi distribuerar din musik p\u00e5 Spotify, Apple Music, YouTube Music, Amazon Music och 70 andra plattformar. Bes\u00f6k oss f\u00f6r att f\u00e5 dina l\u00e5tar p\u00e5 de b\u00e4sta spellistorna!","robots":{"index":"noindex","follow":"nofollow"},"og_locale":"sv_SE","og_type":"article","og_title":"AVTAL OM OFFENTLIGT ERBJUDANDE AV MODERERINGSTJ\u00c4NSTER - Distribuera din musik med Music Alligator","og_description":"Avtal om offentligt erbjudande f\u00f6r modereringstj\u00e4nster MusicAlligator. Vi distribuerar din musik p\u00e5 Spotify, Apple Music, YouTube Music, Amazon Music och 70 andra plattformar. Bes\u00f6k oss f\u00f6r att f\u00e5 dina l\u00e5tar p\u00e5 de b\u00e4sta spellistorna!","og_url":"https:\/\/musicalligator.com\/sv\/offentligt-erbjudande\/","og_site_name":"MusicAlligator","article_modified_time":"2024-12-10T14:24:09+00:00","twitter_card":"summary_large_image","twitter_misc":{"Est. reading time":"7 minutes"},"schema":{"@context":"https:\/\/schema.org","@graph":[{"@type":"WebPage","@id":"https:\/\/musicalligator.com\/sv\/offentligt-erbjudande\/","url":"https:\/\/musicalligator.com\/sv\/offentligt-erbjudande\/","name":"AVTAL OM OFFENTLIGT ERBJUDANDE AV MODERERINGSTJ\u00c4NSTER - Distribuera din musik med Music Alligator","isPartOf":{"@id":"https:\/\/musicalligator.com\/sv\/#website"},"datePublished":"2024-01-06T16:04:13+00:00","dateModified":"2024-12-10T14:24:09+00:00","description":"Avtal om offentligt erbjudande f\u00f6r modereringstj\u00e4nster MusicAlligator. Vi distribuerar din musik p\u00e5 Spotify, Apple Music, YouTube Music, Amazon Music och 70 andra plattformar. Bes\u00f6k oss f\u00f6r att f\u00e5 dina l\u00e5tar p\u00e5 de b\u00e4sta spellistorna!","breadcrumb":{"@id":"https:\/\/musicalligator.com\/sv\/offentligt-erbjudande\/#breadcrumb"},"inLanguage":"sv-SE","potentialAction":[{"@type":"ReadAction","target":["https:\/\/musicalligator.com\/sv\/offentligt-erbjudande\/"]}]},{"@type":"BreadcrumbList","@id":"https:\/\/musicalligator.com\/sv\/offentligt-erbjudande\/#breadcrumb","itemListElement":[{"@type":"ListItem","position":1,"name":"Home","item":"https:\/\/musicalligator.com\/sv\/main\/"},{"@type":"ListItem","position":2,"name":"AVTAL OM OFFENTLIGT ERBJUDANDE AV MODERERINGSTJ\u00c4NSTER"}]},{"@type":"WebSite","@id":"https:\/\/musicalligator.com\/sv\/#website","url":"https:\/\/musicalligator.com\/sv\/","name":"Music Distribution: Digital Service for Artists & Labels","description":"Explore the fastest digital music distribution service for independent artists &amp; labels. Get global and regional exposure with our white label platform. Join our company for unparalleled online music distribution deals.","publisher":{"@id":"https:\/\/musicalligator.com\/sv\/#organization"},"alternateName":"Musicalligator","potentialAction":[{"@type":"SearchAction","target":{"@type":"EntryPoint","urlTemplate":"https:\/\/musicalligator.com\/sv\/?s={search_term_string}"},"query-input":{"@type":"PropertyValueSpecification","valueRequired":true,"valueName":"search_term_string"}}],"inLanguage":"sv-SE"},{"@type":"Organization","@id":"https:\/\/musicalligator.com\/sv\/#organization","name":"Music Distribution: Digital Service for Artists & Labels","alternateName":"Musicalligator","url":"https:\/\/musicalligator.com\/sv\/","logo":{"@type":"ImageObject","inLanguage":"sv-SE","@id":"https:\/\/musicalligator.com\/sv\/#\/schema\/logo\/image\/","url":"https:\/\/musicalligator.com\/wp-content\/uploads\/2024\/08\/logo-app-MusicAlligator.png","contentUrl":"https:\/\/musicalligator.com\/wp-content\/uploads\/2024\/08\/logo-app-MusicAlligator.png","width":512,"height":512,"caption":"Music Distribution: Digital Service for Artists & Labels"},"image":{"@id":"https:\/\/musicalligator.com\/sv\/#\/schema\/logo\/image\/"}}]}},"_links":{"self":[{"href":"https:\/\/musicalligator.com\/sv\/wp-json\/wp\/v2\/pages\/3393","targetHints":{"allow":["GET"]}}],"collection":[{"href":"https:\/\/musicalligator.com\/sv\/wp-json\/wp\/v2\/pages"}],"about":[{"href":"https:\/\/musicalligator.com\/sv\/wp-json\/wp\/v2\/types\/page"}],"author":[{"embeddable":true,"href":"https:\/\/musicalligator.com\/sv\/wp-json\/wp\/v2\/users\/1"}],"replies":[{"embeddable":true,"href":"https:\/\/musicalligator.com\/sv\/wp-json\/wp\/v2\/comments?post=3393"}],"version-history":[{"count":2,"href":"https:\/\/musicalligator.com\/sv\/wp-json\/wp\/v2\/pages\/3393\/revisions"}],"predecessor-version":[{"id":3402,"href":"https:\/\/musicalligator.com\/sv\/wp-json\/wp\/v2\/pages\/3393\/revisions\/3402"}],"wp:attachment":[{"href":"https:\/\/musicalligator.com\/sv\/wp-json\/wp\/v2\/media?parent=3393"}],"curies":[{"name":"wp","href":"https:\/\/api.w.org\/{rel}","templated":true}]}}