{"id":3428,"date":"2024-01-06T19:01:52","date_gmt":"2024-01-06T16:01:52","guid":{"rendered":"https:\/\/musicalligator.com\/aml-policy\/"},"modified":"2024-12-10T17:16:56","modified_gmt":"2024-12-10T14:16:56","slug":"aml-beleid","status":"publish","type":"page","link":"https:\/\/musicalligator.com\/nl\/aml-beleid\/","title":{"rendered":"MUSIC ALLIGATOR LTD"},"content":{"rendered":"\n<h4 class=\"wp-block-heading\">AML\/KYC-beleid<\/h4>\n\n<p class=\"has-white-color has-text-color has-link-color wp-elements-eb8bf50751e1d73ec65797ef77651f7e\">Original Credit Transaction (OCT) stelt ons bedrijf in staat om directe uitbetalingen aan artiesten te optimaliseren.\nHoewel uitbetalingen via OCT mogelijk zijn, moeten ze voldoen aan de belastingwetgeving van het Verenigd Koninkrijk.\nOp deze manier kunnen directe uitbetalingen worden gedaan aan artiesten met betaalkaarten, wat het proces aanzienlijk vereenvoudigt en de kosten verlaagt.    <\/p>\n\n<h4 class=\"wp-block-heading\">AML &amp; KYC BELEID<\/h4>\n\n<p class=\"has-white-color has-text-color has-link-color wp-elements-fa2b7ede2d8c2ca54539a7f2dfc461dc\">Met het oog op de veiligheid van de gebruikers en als gevolg van de wettelijke vereisten van de Europese Unie, het Verenigd Koninkrijk en andere landen, heeft MUSIC ALLIGATOR LTD het KYC-beleid (identificatie van klanten), AML \/ CTF (bestrijding van witwaspraktijken en financiering van terrorisme) ge\u00efmplementeerd en in gebruik genomen, zoals vereist door banken en andere financi\u00eble instellingen.<\/p>\n\n<p class=\"has-white-color has-text-color has-link-color wp-elements-11764b14ce271c1b38374a49513eb559\">Het doel van dit beleid is een effectieve bestrijding van het witwassen van geld en de financiering van terrorisme (AML \/ CTF) op ons platform door een goede identificatie van de daadwerkelijke gebruikers van onze rekeningen en toezicht op LGO-transacties.\nWe zullen transacties identificeren en stopzetten die voornamelijk zijn gemaakt om de criminele herkomst van geld te verbergen, illegale activiteiten te financieren of ander onwettig gedrag te vertonen. <\/p>\n\n<p class=\"has-white-color has-text-color has-link-color wp-elements-7262cea56522ab5b7b91181d5cf86624\">Specifieke bepalingen van ons beleid zijn vertrouwelijk en alleen voor intern gebruik, om te voorkomen dat ze worden omzeild door oneerlijke of frauduleuze gebruikers.\nWe willen u graag een aantal algemene regels en bepalingen van ons beleid voorstellen die rechtstreeks betrekking hebben op u en die van invloed zijn op de diensten die wij leveren. <\/p>\n\n<h4 class=\"wp-block-heading\">IDENTIFICATIE VAN DE GEBRUIKER<\/h4>\n\n<p class=\"has-white-color has-text-color has-link-color wp-elements-8f949a9b2ab7b561737db44ae315fe76\">In de eerste plaats zijn we verplicht om zonder redelijke twijfel de identiteit vast te stellen van personen die betalingen via onze website kunnen accepteren.\nDaarom verzamelen we ID-scans, die op echtheid worden gecontroleerd door onze AML-functionarissen. <\/p>\n\n<p class=\"has-white-color has-text-color has-link-color wp-elements-03616f22915854be4db0b52268d18ae0\">Alle deelnemers aan transacties voorzien de AML Officer van de benodigde documenten, zoals een identiteitsbewijs en een adresbewijs, evenals eventuele andere documenten.<\/p>\n\n<p class=\"has-white-color has-text-color has-link-color wp-elements-f9eec510b8c9d0d7cf42eab7acde2a56\">Identiteitsbewijs (paspoort, rijbewijs)<\/p>\n\n<p class=\"has-white-color has-text-color has-link-color wp-elements-b97cc11356ea125c788f9cd0c529037b\">Adresbewijs (paspoort, elektriciteitsrekening, bankafschrift, gasrekening, huurovereenkomst met laatste 3 maanden, huurkwitantie)<\/p>\n\n<p class=\"has-white-color has-text-color has-link-color wp-elements-3d2933bb5d5ee1fdee13bd2ea156b1cf\">We vereisen dat je een &#8220;selfie&#8221; of een opname van jezelf met je ID-document verstuurt om te voorkomen dat iemand anders je documenten kan gebruiken.\nVerificatie van uw gelijkenis met de foto van uw ID wordt handmatig gedaan door onze klantenservice. <\/p>\n\n<p class=\"has-white-color has-text-color has-link-color wp-elements-6b9fd36e3849299658e793effcff7e25\">In geval van twijfel zal onze klantenservice contact met je opnemen om eventuele problemen uit te leggen en op te lossen.<\/p>\n\n<p class=\"has-white-color has-text-color has-link-color wp-elements-680e01de4ba48881510f441753e3ffea\">Als we niet buiten redelijke twijfel kunnen vaststellen dat de door jou verstrekte documenten van jou zijn en authentiek zijn, kunnen we je geen transacties laten uitvoeren.<\/p>\n\n<h4 class=\"wp-block-heading\">IDENTIFICATIE VAN DE GEBRUIKER &#8211; BEDRIJVEN<\/h4>\n\n<p class=\"has-white-color has-text-color has-link-color wp-elements-82ece965b4da0dd549e65e5ff31f26be\">Voor alle rechtspersonen (bedrijven) is de procedure strenger en afhankelijk van de bedrijfsstructuur, het land, enz.\nIn de eerste plaats moeten we vaststellen wie de eigenaar van het bedrijf is, wie het bedrijf kan vertegenwoordigen, waar het bedrijf is gevestigd en wat de activiteiten van het bedrijf zijn. <\/p>\n\n<p class=\"has-white-color has-text-color has-link-color wp-elements-3aadf389d38ab269f6eab85767308122\">Aangezien de standaarden met betrekking tot overheidsdocumentatie van rechtspersonen in elk land anders zijn, moet de verificatie van dergelijke gebruikers elke keer &#8220;handmatig&#8221; gebeuren en is dit aanzienlijk tijdrovender.<\/p>\n\n<h4 class=\"wp-block-heading\">politiek prominente personen (PEP&#8217;s)<\/h4>\n\n<p class=\"has-white-color has-text-color has-link-color wp-elements-cb70a8c10c85c9cb03c2db5bfd1afba5\">MUSIC ALLIGATOR LTD erkent het belang van Politically Exposed Persons (PEP&#8217;s) in de context van anti-witwasmaatregelen (AML) en maatregelen tegen de financiering van terrorisme (CTF).\nPEP&#8217;s omvatten personen die momenteel prominente publieke posities of functies bekleden of dit voorheen hebben gedaan.\nIn overeenstemming met de wettelijke vereisten hebben we een uitgebreid kader ingesteld voor het uitvoeren van &#8216;enhanced due diligence&#8217; (EDD) op PEP&#8217;s.  <\/p>\n\n<p class=\"has-white-color has-text-color has-link-color wp-elements-4547fb9013b67c1dce9ee29eeeb330d1\">MUSIC ALLIGATOR LTD hanteert een veelzijdige aanpak voor het identificeren en verifi\u00ebren van politiek prominente personen (PEP&#8217;s).\nOns proces omvat: <\/p>\n\n<p class=\"has-white-color has-text-color has-link-color wp-elements-8e4357b4827a11bd0e1a696c532d7a6b\">Screeningdatabases: We maken gebruik van uitgebreide wereldwijde databases met PEP- en sanctielijsten.\nDeze databases worden regelmatig bijgewerkt om de nauwkeurigheid te garanderen. <\/p>\n\n<p class=\"has-white-color has-text-color has-link-color wp-elements-821543db068ca9f391a08f5ffea43425\">Openbaarmaking gebruiker: Tijdens het registratie- en inwerkproces moeten gebruikers eventuele PEP-connecties of filialen bekendmaken.\nWe vergelijken deze informatie met onze databasecontroles. <\/p>\n\n<p class=\"has-white-color has-text-color has-link-color wp-elements-c25c5fa9e6de9ffbbf6adc6cba531818\">Voortdurende controle: Onze systemen controleren gebruikersprofielen en transacties voortdurend op aanwijzingen voor een PEP-status.\nVerdachte patronen of verbanden leiden tot verder onderzoek. <\/p>\n\n<p class=\"has-white-color has-text-color has-link-color wp-elements-005680cb9f8a464e986c1d35e35012b3\">Risicobeoordeling: We delen gebruikers in risicoprofielen in op basis van hun PEP-status en transactiegedrag.\nPEP&#8217;s met een hoog risico ondergaan strengere due diligence. <\/p>\n\n<h4 class=\"wp-block-heading\">ZORGVULDIGHEID<\/h4>\n\n<p class=\"has-white-color has-text-color has-link-color wp-elements-e9b563e70374a09487ec5e4abab37c5a\">Wij beschouwen due diligence als een veelzijdig proces, dat het verzamelen van uitgebreide informatie over gebruikers, de evaluatie van hun financi\u00eble activiteiten en het onderscheiden van transactionele nuances omvat.\nDe aard en omvang van due diligence kan vari\u00ebren op basis van het gepercipieerde risico van elke gebruiker of transactie. <\/p>\n\n<p class=\"has-white-color has-text-color has-link-color wp-elements-6c8d306fe196e268e11e6df1f4480f2b\">Onze due diligence-procedures zijn uitputtend en omvatten de volgende elementen:<\/p>\n\n<p class=\"has-white-color has-text-color has-link-color wp-elements-6e4fbdb3abc019c66529d7fcfa13983c\">Verzamelen van gebruikersinformatie: We verzamelen uitgebreide gebruikersinformatie, waaronder namen, adressen, contactgegevens en relevante identificatiedocumenten.<\/p>\n\n<p class=\"has-white-color has-text-color has-link-color wp-elements-31e9f3866a65930a2b4f324b2f2a22f0\">Verificatie van de bron van het geld: We onderzoeken de bron van het geld voor transacties en zorgen ervoor dat het legitiem is en niet afkomstig van illegale of verboden activiteiten.<\/p>\n\n<p class=\"has-white-color has-text-color has-link-color wp-elements-c5989ffe01460b6580bfed00c8e1be6f\">Transactiebewaking: Onze geavanceerde software controleert voortdurend transacties van gebruikers op ongewoon of verdacht gedrag, zoals hoogfrequente transacties of grote overschrijvingen.\nAchtergrondcontroles: We voeren achtergrondcontroles uit, inclusief strafbladcontroles waar toegestaan door de wet, om de integriteit van gebruikers te controleren. <\/p>\n\n<h4 class=\"wp-block-heading\">VERSCHERPT DUE DILIGENCE-ONDERZOEK (EDD)<\/h4>\n\n<p class=\"has-white-color has-text-color has-link-color wp-elements-90f74cc644e270af6c6cea63f3a92f5a\">Enhanced Due Diligence (EDD) wordt gestart wanneer verhoogde risicofactoren worden ge\u00efdentificeerd.\nEDD-procedures kunnen het volgende omvatten: <\/p>\n\n<p class=\"has-white-color has-text-color has-link-color wp-elements-a66481b524d6eaeeb18c1a9304e84ac4\">Diepgaande interviews: We houden interviews met de gebruiker om een beter inzicht te krijgen in zijn financi\u00eble activiteiten, bron van rijkdom en mogelijke risicovolle associaties.<\/p>\n\n<p class=\"has-white-color has-text-color has-link-color wp-elements-deaaa311f37d5c74013e666812fe082f\">Verificatie door derden: EDD kan informatie verifi\u00ebren bij derden, zoals banken, toezichthouders of wettelijke autoriteiten.<\/p>\n\n<p class=\"has-white-color has-text-color has-link-color wp-elements-b163da09f129c101279ab30814aaad73\">Screening op negatieve media: We gebruiken geavanceerde tools om te screenen op negatieve vermeldingen in de media of negatief nieuws over de gebruiker.<\/p>\n\n<p class=\"has-white-color has-text-color has-link-color wp-elements-23f9813276141763d888ccf8180d81a5\">Verbeterde transactiemonitoring: Transacties waarbij gebruikers onder EDD vallen, worden voortdurend en in realtime gecontroleerd op ongebruikelijke patronen of gedragingen.<\/p>\n\n<h4 class=\"wp-block-heading\">ONLINE VERIFICATIE VOOR KYC<\/h4>\n\n<p class=\"has-white-color has-text-color has-link-color wp-elements-050bcc613073005a7a8433ddbbc08052\">MUSIC ALLIGATOR LTD heeft een veilig en effici\u00ebnt online verificatieproces ge\u00efmplementeerd voor KYC-doeleinden (Know Your Customer):<\/p>\n\n<p class=\"has-white-color has-text-color has-link-color wp-elements-2f2855fa8d132b5aa35ab560a7a79c74\">Inzending door gebruiker: Gebruikers verstrekken hun persoonlijke gegevens en identificatiedocumenten via ons beveiligde online platform.<\/p>\n\n<p class=\"has-white-color has-text-color has-link-color wp-elements-61026d39636d8d3b22945c57f319576c\">Documentverificatie: Ons systeem maakt gebruik van geavanceerde technologie om de authenticiteit van identificatiedocumenten te verifi\u00ebren.\nDit omvat controles op watermerken, hologrammen en andere beveiligingskenmerken. <\/p>\n\n<p class=\"has-white-color has-text-color has-link-color wp-elements-9a797734a3ace5986b60663657a27992\">Documentvergelijking: Ons systeem vergelijkt de ingediende identificatiedocumenten met door de gebruiker verstrekte informatie om consistentie en nauwkeurigheid te garanderen.<\/p>\n\n<p class=\"has-white-color has-text-color has-link-color wp-elements-8c816dc6784b95c983793a4e876ea126\">Realtime controle: Het hele verificatieproces wordt in realtime uitgevoerd, met geautomatiseerde controles en handmatige beoordelingen door onze getrainde verificatie-experts.<\/p>\n\n<p class=\"has-white-color has-text-color has-link-color wp-elements-1429695aa4cf142d956236d4ce9e9004\">Veilige gegevensverwerking: We gebruiken robuuste versleutelings- en beveiligingsprotocollen om gebruikersgegevens tijdens het hele verificatieproces te beschermen.<\/p>\n\n<h4 class=\"wp-block-heading\">DOCUMENTATIEVERPLICHTINGEN VOOR RECHTSPERSONEN<\/h4>\n\n<p class=\"has-white-color has-text-color has-link-color wp-elements-14938d2fcefa573ec44b8848aa2dea4d\">In het geval van rechtspersonen legt MUSIC ALLIGATOR LTD strenge documentatievereisten op om hun identiteit vast te stellen en het transactierisico grondig te beoordelen.\nHet volgende is een niet-limitatieve lijst van documenten die kunnen worden opgevraagd: <\/p>\n\n<p class=\"has-white-color has-text-color has-link-color wp-elements-d934dd919836e0092c026e9545e678c0\">Bewijs van bedrijfsregistratie en -oprichting: Documentatie waaruit de offici\u00eble registratie en oprichting van de entiteit blijkt, inclusief relevante registratiecertificaten en statuten.<\/p>\n\n<p class=\"has-white-color has-text-color has-link-color wp-elements-933f44ab4fd41921ba0cf00059894309\">Informatie over bedrijfseigendom: Uitgebreide details over de eigendomsstructuur van het bedrijf, inclusief de identiteit van de uiteindelijke begunstigden en de belangrijkste aandeelhouders.<\/p>\n\n<p class=\"has-white-color has-text-color has-link-color wp-elements-423f4828ec88d50bd2a52e28859c0012\">Bedrijfsvergunningen: Kopie\u00ebn van relevante zakelijke licenties, vergunningen en autorisaties die nodig zijn voor het rechtmatig functioneren van de entiteit.<\/p>\n\n<p class=\"has-white-color has-text-color has-link-color wp-elements-b24ed166632c08db487e0eb4929bc55f\">Jaarrekeningen en belastinggegevens: Jaarrekeningen, belastinggegevens en gecontroleerde financi\u00eble verslagen, indien van toepassing, om inzicht te krijgen in de financi\u00eble gezondheid en activiteiten van de entiteit.<\/p>\n\n<p class=\"has-white-color has-text-color has-link-color wp-elements-472882577c78b9094732e681a117095e\">Aanvullende documenten: Alle andere documenten of informatie die nodig wordt geacht op basis van de specifieke structuur, jurisdictie en wettelijke vereisten die van toepassing zijn op de entiteit.  <\/p>\n\n<h4 class=\"wp-block-heading\">CONTROLE EN TOEZICHT OP TRANSACTIES<\/h4>\n\n<p class=\"has-white-color has-text-color has-link-color wp-elements-b9e4b849801e1b9bd91863987e2367ff\">Met behulp van onze eigen software analyseren we ook alle transacties die plaatsvinden op onze website op zoek naar verdacht en ongebruikelijk gedrag.  <\/p>\n\n<h4 class=\"wp-block-heading\">AANVULLENDE VERIFICATIE<\/h4>\n\n<p class=\"has-white-color has-text-color has-link-color wp-elements-6d0951b4a288c3066d51c1ebc3fe29de\">In sommige gevallen kunnen we aanvullende documentatie vragen die je echte, exacte woonplaats, opleiding en beroep bewijst.<\/p>\n\n<p class=\"has-white-color has-text-color has-link-color wp-elements-3a4db72ae235991e5b0006abe895678b\">Als onze AML-specialisten besluiten dat de informatie die we van u ontvangen onze twijfels niet opheldert, zijn we helaas genoodzaakt om onze samenwerking met u te be\u00ebindigen of zelfs om uw transacties te melden bij de relevante autoriteiten.<\/p>\n\n<h4 class=\"wp-block-heading\">BASIS AM \/ CTF REGELS<\/h4>\n\n<p class=\"has-white-color has-text-color has-link-color wp-elements-9db28349322b8f32431c1fdac42646c6\">Onze bedrijfsregels omvatten onder andere het volgende:<\/p>\n\n<p class=\"has-white-color has-text-color has-link-color wp-elements-c7d41baab4b17cea51fd27f1be7dd517\">MUSIC ALLIGATOR LTD staat geen uitzonderingen toe op het gebied van documentatie die van gebruikers wordt vereist.<\/p>\n\n<p class=\"has-white-color has-text-color has-link-color wp-elements-5e4b863d4745f9e2fcfdc823ca348fa1\">MUSIC ALLIGATOR LTD behoudt zich het recht voor om op elk moment te weigeren om de transactie van de Gebruiker te verwerken in geval van verdenking van AML \/ CTF risico.<\/p>\n\n<p class=\"has-white-color has-text-color has-link-color wp-elements-8a181864228e7b1c57c1fcfaa48d9b85\">In overeenstemming met de internationale wetgeving zijn we niet verplicht (of zelfs verboden) om onze klanten te informeren als we hun gedrag als verdacht rapporteren aan de relevante autoriteiten.<\/p>\n\n<h4 class=\"wp-block-heading\"><\/h4>\n\n<h4 class=\"wp-block-heading\">GESANCTIONEERDE LANDEN<\/h4>\n\n<p class=\"has-white-color has-text-color has-link-color wp-elements-cd883a3507fb18c786a52e2dbe6d56b1\">In overeenstemming met ons beleid openen we geen rekeningen en verwerken we geen transacties voor burgers en ingezetenen van, en mensen die verblijven in, landen waar transacties verboden zijn door internationale sancties of hun interne wettelijke voorschriften, of landen die op basis van verschillende criteria geselecteerd door ons AML-team (bijvoorbeeld Corruption Perceptions Index van Transparency International, FATF-waarschuwingen, landen met zwakke antiwitwas- en terrorismefinancieringsregimes bepaald door de Europese Commissie) een hoog AML \/ CTF-risico vormen.<\/p>\n\n<p class=\"has-white-color has-text-color has-link-color wp-elements-5efe3154a7f3db1d738177c6d6a820b4\">Op dit moment zijn dat de volgende landen:<\/p>\n\n<p class=\"has-white-color has-text-color has-link-color wp-elements-933f55cedbebae35bf501ee975bbbdc2\">Afghanistan, Amerikaans-Samoa, Angola, Bahama&#8217;s, Botswana, Belarus, Burundi, Cambodja, Centraal-Afrikaanse Republiek, Tsjaad, Congo, Cuba, Democratische Republiek Congo, Equatoriaal-Guinea, Eritrea, Ethiopi\u00eb, Ghana, Guam, Guinee-Bissau, Iran, Irak, Noord-Korea, Libanon, Libi\u00eb, Mali, Nigeria, Pakistan, Panama, Puerto Rico, Rusland, Samoa, Saoedi-Arabi\u00eb, Sierra Leone, Somali\u00eb, Zuid-Soedan, Sri Lanka, Soedan, Syri\u00eb, Trinidad en Tobago, Tunesi\u00eb, Venezuela, Jemen, Zimbabwe, VS (sommige staten).<\/p>\n\n<p class=\"has-white-color has-text-color has-link-color wp-elements-772811ebfb8e83fd5948f04f0eb57e1d\">Vergeet niet dat dit model het resultaat is van het werk en de ervaring van ons AML-team en kan worden gewijzigd als de wettelijke vereisten van landen veranderen en als gevolg van het opdoen van nieuwe kennis en ervaring.\nIn het bijzonder bij overgang kunnen limieten veranderen als gevolg van periodieke audits en verificatie van de effici\u00ebntie van onze procedures.\nWe houden je op de hoogte als er wijzigingen zijn die jouw situatie be\u00efnvloeden.  <\/p>\n","protected":false},"excerpt":{"rendered":"<p>AML\/KYC-beleid Original Credit Transaction (OCT) stelt ons bedrijf in staat om directe uitbetalingen aan artiesten te optimaliseren. Hoewel uitbetalingen via&#8230;<\/p>\n","protected":false},"author":1,"featured_media":0,"parent":0,"menu_order":0,"comment_status":"closed","ping_status":"closed","template":"","meta":{"footnotes":""},"class_list":["post-3428","page","type-page","status-publish","hentry"],"acf":[],"yoast_head":"<!-- This site is optimized with the Yoast SEO plugin v26.1.1 - https:\/\/yoast.com\/wordpress\/plugins\/seo\/ -->\n<title>MUSIC ALLIGATOR LTD - Distribueer je muziek met Music Alligator<\/title>\n<meta name=\"description\" content=\"MUSIC ALLIGATOR LTD. Wij distribueren je muziek op Spotify, Apple Music, YouTube Music, Amazon Music en 70 andere platforms. Bezoek ons om je tracks op top-afspeellijsten te krijgen!\" \/>\n<meta name=\"robots\" content=\"noindex, nofollow\" \/>\n<meta property=\"og:locale\" content=\"nl_NL\" \/>\n<meta property=\"og:type\" content=\"article\" \/>\n<meta property=\"og:title\" content=\"MUSIC ALLIGATOR LTD - Distribueer je muziek met Music Alligator\" \/>\n<meta property=\"og:description\" content=\"MUSIC ALLIGATOR LTD. Wij distribueren je muziek op Spotify, Apple Music, YouTube Music, Amazon Music en 70 andere platforms. Bezoek ons om je tracks op top-afspeellijsten te krijgen!\" \/>\n<meta property=\"og:url\" content=\"https:\/\/musicalligator.com\/nl\/aml-beleid\/\" \/>\n<meta property=\"og:site_name\" content=\"MusicAlligator\" \/>\n<meta property=\"article:modified_time\" content=\"2024-12-10T14:16:56+00:00\" \/>\n<meta name=\"twitter:card\" content=\"summary_large_image\" \/>\n<meta name=\"twitter:label1\" content=\"Est. reading time\" \/>\n\t<meta name=\"twitter:data1\" content=\"8 minutes\" \/>\n<script type=\"application\/ld+json\" class=\"yoast-schema-graph\">{\"@context\":\"https:\/\/schema.org\",\"@graph\":[{\"@type\":\"WebPage\",\"@id\":\"https:\/\/musicalligator.com\/nl\/aml-beleid\/\",\"url\":\"https:\/\/musicalligator.com\/nl\/aml-beleid\/\",\"name\":\"MUSIC ALLIGATOR LTD - Distribueer je muziek met Music Alligator\",\"isPartOf\":{\"@id\":\"https:\/\/musicalligator.com\/nl\/#website\"},\"datePublished\":\"2024-01-06T16:01:52+00:00\",\"dateModified\":\"2024-12-10T14:16:56+00:00\",\"description\":\"MUSIC ALLIGATOR LTD. Wij distribueren je muziek op Spotify, Apple Music, YouTube Music, Amazon Music en 70 andere platforms. Bezoek ons om je tracks op top-afspeellijsten te krijgen!\",\"breadcrumb\":{\"@id\":\"https:\/\/musicalligator.com\/nl\/aml-beleid\/#breadcrumb\"},\"inLanguage\":\"nl-NL\",\"potentialAction\":[{\"@type\":\"ReadAction\",\"target\":[\"https:\/\/musicalligator.com\/nl\/aml-beleid\/\"]}]},{\"@type\":\"BreadcrumbList\",\"@id\":\"https:\/\/musicalligator.com\/nl\/aml-beleid\/#breadcrumb\",\"itemListElement\":[{\"@type\":\"ListItem\",\"position\":1,\"name\":\"Home\",\"item\":\"https:\/\/musicalligator.com\/nl\/main\/\"},{\"@type\":\"ListItem\",\"position\":2,\"name\":\"MUSIC ALLIGATOR LTD\"}]},{\"@type\":\"WebSite\",\"@id\":\"https:\/\/musicalligator.com\/nl\/#website\",\"url\":\"https:\/\/musicalligator.com\/nl\/\",\"name\":\"Music Distribution: Digital Service for Artists & Labels\",\"description\":\"Explore the fastest digital music distribution service for independent artists &amp; labels. Get global and regional exposure with our white label platform. Join our company for unparalleled online music distribution deals.\",\"publisher\":{\"@id\":\"https:\/\/musicalligator.com\/nl\/#organization\"},\"alternateName\":\"Musicalligator\",\"potentialAction\":[{\"@type\":\"SearchAction\",\"target\":{\"@type\":\"EntryPoint\",\"urlTemplate\":\"https:\/\/musicalligator.com\/nl\/?s={search_term_string}\"},\"query-input\":{\"@type\":\"PropertyValueSpecification\",\"valueRequired\":true,\"valueName\":\"search_term_string\"}}],\"inLanguage\":\"nl-NL\"},{\"@type\":\"Organization\",\"@id\":\"https:\/\/musicalligator.com\/nl\/#organization\",\"name\":\"Music Distribution: Digital Service for Artists & Labels\",\"alternateName\":\"Musicalligator\",\"url\":\"https:\/\/musicalligator.com\/nl\/\",\"logo\":{\"@type\":\"ImageObject\",\"inLanguage\":\"nl-NL\",\"@id\":\"https:\/\/musicalligator.com\/nl\/#\/schema\/logo\/image\/\",\"url\":\"https:\/\/musicalligator.com\/wp-content\/uploads\/2024\/08\/logo-app-MusicAlligator.png\",\"contentUrl\":\"https:\/\/musicalligator.com\/wp-content\/uploads\/2024\/08\/logo-app-MusicAlligator.png\",\"width\":512,\"height\":512,\"caption\":\"Music Distribution: Digital Service for Artists & Labels\"},\"image\":{\"@id\":\"https:\/\/musicalligator.com\/nl\/#\/schema\/logo\/image\/\"}}]}<\/script>\n<!-- \/ Yoast SEO plugin. -->","yoast_head_json":{"title":"MUSIC ALLIGATOR LTD - Distribueer je muziek met Music Alligator","description":"MUSIC ALLIGATOR LTD. Wij distribueren je muziek op Spotify, Apple Music, YouTube Music, Amazon Music en 70 andere platforms. Bezoek ons om je tracks op top-afspeellijsten te krijgen!","robots":{"index":"noindex","follow":"nofollow"},"og_locale":"nl_NL","og_type":"article","og_title":"MUSIC ALLIGATOR LTD - Distribueer je muziek met Music Alligator","og_description":"MUSIC ALLIGATOR LTD. Wij distribueren je muziek op Spotify, Apple Music, YouTube Music, Amazon Music en 70 andere platforms. Bezoek ons om je tracks op top-afspeellijsten te krijgen!","og_url":"https:\/\/musicalligator.com\/nl\/aml-beleid\/","og_site_name":"MusicAlligator","article_modified_time":"2024-12-10T14:16:56+00:00","twitter_card":"summary_large_image","twitter_misc":{"Est. reading time":"8 minutes"},"schema":{"@context":"https:\/\/schema.org","@graph":[{"@type":"WebPage","@id":"https:\/\/musicalligator.com\/nl\/aml-beleid\/","url":"https:\/\/musicalligator.com\/nl\/aml-beleid\/","name":"MUSIC ALLIGATOR LTD - Distribueer je muziek met Music Alligator","isPartOf":{"@id":"https:\/\/musicalligator.com\/nl\/#website"},"datePublished":"2024-01-06T16:01:52+00:00","dateModified":"2024-12-10T14:16:56+00:00","description":"MUSIC ALLIGATOR LTD. Wij distribueren je muziek op Spotify, Apple Music, YouTube Music, Amazon Music en 70 andere platforms. Bezoek ons om je tracks op top-afspeellijsten te krijgen!","breadcrumb":{"@id":"https:\/\/musicalligator.com\/nl\/aml-beleid\/#breadcrumb"},"inLanguage":"nl-NL","potentialAction":[{"@type":"ReadAction","target":["https:\/\/musicalligator.com\/nl\/aml-beleid\/"]}]},{"@type":"BreadcrumbList","@id":"https:\/\/musicalligator.com\/nl\/aml-beleid\/#breadcrumb","itemListElement":[{"@type":"ListItem","position":1,"name":"Home","item":"https:\/\/musicalligator.com\/nl\/main\/"},{"@type":"ListItem","position":2,"name":"MUSIC ALLIGATOR LTD"}]},{"@type":"WebSite","@id":"https:\/\/musicalligator.com\/nl\/#website","url":"https:\/\/musicalligator.com\/nl\/","name":"Music Distribution: Digital Service for Artists & Labels","description":"Explore the fastest digital music distribution service for independent artists &amp; labels. Get global and regional exposure with our white label platform. Join our company for unparalleled online music distribution deals.","publisher":{"@id":"https:\/\/musicalligator.com\/nl\/#organization"},"alternateName":"Musicalligator","potentialAction":[{"@type":"SearchAction","target":{"@type":"EntryPoint","urlTemplate":"https:\/\/musicalligator.com\/nl\/?s={search_term_string}"},"query-input":{"@type":"PropertyValueSpecification","valueRequired":true,"valueName":"search_term_string"}}],"inLanguage":"nl-NL"},{"@type":"Organization","@id":"https:\/\/musicalligator.com\/nl\/#organization","name":"Music Distribution: Digital Service for Artists & Labels","alternateName":"Musicalligator","url":"https:\/\/musicalligator.com\/nl\/","logo":{"@type":"ImageObject","inLanguage":"nl-NL","@id":"https:\/\/musicalligator.com\/nl\/#\/schema\/logo\/image\/","url":"https:\/\/musicalligator.com\/wp-content\/uploads\/2024\/08\/logo-app-MusicAlligator.png","contentUrl":"https:\/\/musicalligator.com\/wp-content\/uploads\/2024\/08\/logo-app-MusicAlligator.png","width":512,"height":512,"caption":"Music Distribution: Digital Service for Artists & Labels"},"image":{"@id":"https:\/\/musicalligator.com\/nl\/#\/schema\/logo\/image\/"}}]}},"_links":{"self":[{"href":"https:\/\/musicalligator.com\/nl\/wp-json\/wp\/v2\/pages\/3428","targetHints":{"allow":["GET"]}}],"collection":[{"href":"https:\/\/musicalligator.com\/nl\/wp-json\/wp\/v2\/pages"}],"about":[{"href":"https:\/\/musicalligator.com\/nl\/wp-json\/wp\/v2\/types\/page"}],"author":[{"embeddable":true,"href":"https:\/\/musicalligator.com\/nl\/wp-json\/wp\/v2\/users\/1"}],"replies":[{"embeddable":true,"href":"https:\/\/musicalligator.com\/nl\/wp-json\/wp\/v2\/comments?post=3428"}],"version-history":[{"count":2,"href":"https:\/\/musicalligator.com\/nl\/wp-json\/wp\/v2\/pages\/3428\/revisions"}],"predecessor-version":[{"id":3433,"href":"https:\/\/musicalligator.com\/nl\/wp-json\/wp\/v2\/pages\/3428\/revisions\/3433"}],"wp:attachment":[{"href":"https:\/\/musicalligator.com\/nl\/wp-json\/wp\/v2\/media?parent=3428"}],"curies":[{"name":"wp","href":"https:\/\/api.w.org\/{rel}","templated":true}]}}