{"id":3670,"date":"2024-01-05T20:34:24","date_gmt":"2024-01-05T17:34:24","guid":{"rendered":"https:\/\/musicalligator.com\/main\/"},"modified":"2025-04-15T19:46:26","modified_gmt":"2025-04-15T16:46:26","slug":"main","status":"publish","type":"page","link":"https:\/\/musicalligator.com\/fr\/","title":{"rendered":"Principal"},"content":{"rendered":"\t\t<div data-elementor-type=\"wp-page\" data-elementor-id=\"3670\" class=\"elementor elementor-3670 elementor-2\" data-elementor-post-type=\"page\">\n\t\t\t\t<div class=\"elementor-element elementor-element-6486b32e e-flex e-con-boxed e-con e-parent\" data-id=\"6486b32e\" data-element_type=\"container\">\n\t\t\t\t\t<div class=\"e-con-inner\">\n\t\t\t\t<div class=\"elementor-element elementor-element-59a1cfc8 elementor-widget elementor-widget-text-editor\" data-id=\"59a1cfc8\" data-element_type=\"widget\" data-widget_type=\"text-editor.default\">\n\t\t\t\t<div class=\"elementor-widget-container\">\n\t\t\t\t\t\t\t\t\t<p class=\"premium_top\">Prime<\/p>\r\n\r\n<h1 class=\"wp-block-heading has-text-align-center green_h1 m_di music-text\">DISTRIBUTION DE MUSIQUE<\/h1>\r\n<p class=\"starts_h_top\">COMMENCE ICI<\/p>\r\n\r\n<div class=\"text_top_af\">\r\n<div class=\"icon-list\"><img decoding=\"async\" class=\"icon top_sp\" src=\"\/wp-content\/themes\/musicalligator\/assets\/images\/check_small.svg\" \/> \u00c9TIQUETTES<\/div>\r\n<div class=\"icon-list\"><img decoding=\"async\" class=\"icon top_sp\" src=\"\/wp-content\/themes\/musicalligator\/assets\/images\/check_small.svg\" \/> ARTISTES IND\u00c9PENDANTS<\/div>\r\n<div class=\"icon-list\"><img decoding=\"async\" class=\"icon top_sp\" src=\"\/wp-content\/themes\/musicalligator\/assets\/images\/check_small.svg\" \/> DIRECTEURS DE L&#8217;INDUSTRIE MUSICALE<\/div>\r\n<\/div>\r\n<div class=\"wp-block-spacer\" style=\"height: 34px;\" aria-hidden=\"true\"><\/div>\r\n<div class=\"wp-block-buttons alignwide\">\r\n<div class=\"wp-block-button is-style-outline\" style=\"display: flex; justify-content: center; align-items: center; padding-bottom: 30px;\"><a class=\"wp-block-button__link has-text-color has-link-color has-text-align-center wp-element-button sign_but\" style=\"border-radius: 10px; color: #32d979;\" href=\"https:\/\/app.musicalligator.com\/auth\/signup\">S&#8217;inscrire<\/a><\/div>\r\n<\/div>\t\t\t\t\t\t\t\t<\/div>\n\t\t\t\t<\/div>\n\t\t\t\t<div class=\"elementor-element elementor-element-b5e9462 elementor-widget elementor-widget-spacer\" data-id=\"b5e9462\" data-element_type=\"widget\" data-widget_type=\"spacer.default\">\n\t\t\t\t<div class=\"elementor-widget-container\">\n\t\t\t\t\t\t\t<div class=\"elementor-spacer\">\n\t\t\t<div class=\"elementor-spacer-inner\"><\/div>\n\t\t<\/div>\n\t\t\t\t\t\t<\/div>\n\t\t\t\t<\/div>\n\t\t\t\t\t<\/div>\n\t\t\t\t<\/div>\n\t\t\t\t<\/div>\n\t\t","protected":false},"excerpt":{"rendered":"<p>Prime DISTRIBUTION DE MUSIQUE COMMENCE ICI \u00c9TIQUETTES ARTISTES IND\u00c9PENDANTS DIRECTEURS DE L&#8217;INDUSTRIE MUSICALE S&#8217;inscrire<\/p>\n","protected":false},"author":1,"featured_media":3691,"parent":0,"menu_order":0,"comment_status":"closed","ping_status":"open","template":"page-template-home.php","meta":{"footnotes":""},"class_list":["post-3670","page","type-page","status-publish","has-post-thumbnail","hentry"],"acf":[],"yoast_head":"<!-- This site is optimized with the Yoast SEO plugin v26.1.1 - https:\/\/yoast.com\/wordpress\/plugins\/seo\/ -->\n<title>MusicAlligator : Plateforme de distribution musique<\/title>\n<meta name=\"description\" content=\"Distribuez votre musique dans le monde entier gr\u00e2ce \u00e0 notre distributeur de musique. Atteignez les principales plateformes de streaming, d\u00e9veloppez votre audience et mon\u00e9tisez votre son sans effort.\" \/>\n<meta name=\"robots\" content=\"index, follow, max-snippet:-1, max-image-preview:large, max-video-preview:-1\" \/>\n<link rel=\"canonical\" href=\"https:\/\/musicalligator.com\/fr\/\" \/>\n<meta property=\"og:locale\" content=\"fr_FR\" \/>\n<meta property=\"og:type\" content=\"article\" \/>\n<meta property=\"og:title\" content=\"MusicAlligator : Plateforme de distribution musique\" \/>\n<meta property=\"og:description\" content=\"Distribuez votre musique dans le monde entier gr\u00e2ce \u00e0 notre distributeur de musique. Atteignez les principales plateformes de streaming, d\u00e9veloppez votre audience et mon\u00e9tisez votre son sans effort.\" \/>\n<meta property=\"og:url\" content=\"https:\/\/musicalligator.com\/fr\/\" \/>\n<meta property=\"og:site_name\" content=\"MusicAlligator\" \/>\n<meta property=\"article:modified_time\" content=\"2025-04-15T16:46:26+00:00\" \/>\n<meta property=\"og:image\" content=\"https:\/\/musicalligator.com\/wp-content\/uploads\/2024\/08\/logo-app-MusicAlligator.webp\" \/>\n\t<meta property=\"og:image:width\" content=\"512\" \/>\n\t<meta property=\"og:image:height\" content=\"512\" \/>\n\t<meta property=\"og:image:type\" content=\"image\/webp\" \/>\n<meta name=\"twitter:card\" content=\"summary_large_image\" \/>\n<meta name=\"twitter:label1\" content=\"Est. reading time\" \/>\n\t<meta name=\"twitter:data1\" content=\"1 minute\" \/>\n<script type=\"application\/ld+json\" class=\"yoast-schema-graph\">{\"@context\":\"https:\/\/schema.org\",\"@graph\":[{\"@type\":\"WebPage\",\"@id\":\"https:\/\/musicalligator.com\/fr\/\",\"url\":\"https:\/\/musicalligator.com\/fr\/\",\"name\":\"MusicAlligator : Plateforme de distribution musique\",\"isPartOf\":{\"@id\":\"https:\/\/musicalligator.com\/fr\/#website\"},\"primaryImageOfPage\":{\"@id\":\"https:\/\/musicalligator.com\/fr\/#primaryimage\"},\"image\":{\"@id\":\"https:\/\/musicalligator.com\/fr\/#primaryimage\"},\"thumbnailUrl\":\"https:\/\/musicalligator.com\/wp-content\/uploads\/2024\/08\/logo-app-MusicAlligator.webp\",\"datePublished\":\"2024-01-05T17:34:24+00:00\",\"dateModified\":\"2025-04-15T16:46:26+00:00\",\"description\":\"Distribuez votre musique dans le monde entier gr\u00e2ce \u00e0 notre distributeur de musique. Atteignez les principales plateformes de streaming, d\u00e9veloppez votre audience et mon\u00e9tisez votre son sans effort.\",\"breadcrumb\":{\"@id\":\"https:\/\/musicalligator.com\/fr\/#breadcrumb\"},\"inLanguage\":\"fr-FR\",\"potentialAction\":[{\"@type\":\"ReadAction\",\"target\":[\"https:\/\/musicalligator.com\/fr\/\"]}]},{\"@type\":\"ImageObject\",\"inLanguage\":\"fr-FR\",\"@id\":\"https:\/\/musicalligator.com\/fr\/#primaryimage\",\"url\":\"https:\/\/musicalligator.com\/wp-content\/uploads\/2024\/08\/logo-app-MusicAlligator.webp\",\"contentUrl\":\"https:\/\/musicalligator.com\/wp-content\/uploads\/2024\/08\/logo-app-MusicAlligator.webp\",\"width\":512,\"height\":512},{\"@type\":\"BreadcrumbList\",\"@id\":\"https:\/\/musicalligator.com\/fr\/#breadcrumb\",\"itemListElement\":[{\"@type\":\"ListItem\",\"position\":1,\"name\":\"Home\",\"item\":\"https:\/\/musicalligator.com\/fr\/\"},{\"@type\":\"ListItem\",\"position\":2,\"name\":\"Principal\"}]},{\"@type\":\"WebSite\",\"@id\":\"https:\/\/musicalligator.com\/fr\/#website\",\"url\":\"https:\/\/musicalligator.com\/fr\/\",\"name\":\"Music Distribution: Digital Service for Artists & Labels\",\"description\":\"Explore the fastest digital music distribution service for independent artists &amp; labels. Get global and regional exposure with our white label platform. Join our company for unparalleled online music distribution deals.\",\"publisher\":{\"@id\":\"https:\/\/musicalligator.com\/fr\/#organization\"},\"alternateName\":\"Musicalligator\",\"potentialAction\":[{\"@type\":\"SearchAction\",\"target\":{\"@type\":\"EntryPoint\",\"urlTemplate\":\"https:\/\/musicalligator.com\/fr\/?s={search_term_string}\"},\"query-input\":{\"@type\":\"PropertyValueSpecification\",\"valueRequired\":true,\"valueName\":\"search_term_string\"}}],\"inLanguage\":\"fr-FR\"},{\"@type\":\"Organization\",\"@id\":\"https:\/\/musicalligator.com\/fr\/#organization\",\"name\":\"Music Distribution: Digital Service for Artists & Labels\",\"alternateName\":\"Musicalligator\",\"url\":\"https:\/\/musicalligator.com\/fr\/\",\"logo\":{\"@type\":\"ImageObject\",\"inLanguage\":\"fr-FR\",\"@id\":\"https:\/\/musicalligator.com\/fr\/#\/schema\/logo\/image\/\",\"url\":\"https:\/\/musicalligator.com\/wp-content\/uploads\/2024\/08\/logo-app-MusicAlligator.png\",\"contentUrl\":\"https:\/\/musicalligator.com\/wp-content\/uploads\/2024\/08\/logo-app-MusicAlligator.png\",\"width\":512,\"height\":512,\"caption\":\"Music Distribution: Digital Service for Artists & Labels\"},\"image\":{\"@id\":\"https:\/\/musicalligator.com\/fr\/#\/schema\/logo\/image\/\"}}]}<\/script>\n<!-- \/ Yoast SEO plugin. -->","yoast_head_json":{"title":"MusicAlligator : Plateforme de distribution musique","description":"Distribuez votre musique dans le monde entier gr\u00e2ce \u00e0 notre distributeur de musique. Atteignez les principales plateformes de streaming, d\u00e9veloppez votre audience et mon\u00e9tisez votre son sans effort.","robots":{"index":"index","follow":"follow","max-snippet":"max-snippet:-1","max-image-preview":"max-image-preview:large","max-video-preview":"max-video-preview:-1"},"canonical":"https:\/\/musicalligator.com\/fr\/","og_locale":"fr_FR","og_type":"article","og_title":"MusicAlligator : Plateforme de distribution musique","og_description":"Distribuez votre musique dans le monde entier gr\u00e2ce \u00e0 notre distributeur de musique. Atteignez les principales plateformes de streaming, d\u00e9veloppez votre audience et mon\u00e9tisez votre son sans effort.","og_url":"https:\/\/musicalligator.com\/fr\/","og_site_name":"MusicAlligator","article_modified_time":"2025-04-15T16:46:26+00:00","og_image":[{"width":512,"height":512,"url":"https:\/\/musicalligator.com\/wp-content\/uploads\/2024\/08\/logo-app-MusicAlligator.webp","type":"image\/webp"}],"twitter_card":"summary_large_image","twitter_misc":{"Est. reading time":"1 minute"},"schema":{"@context":"https:\/\/schema.org","@graph":[{"@type":"WebPage","@id":"https:\/\/musicalligator.com\/fr\/","url":"https:\/\/musicalligator.com\/fr\/","name":"MusicAlligator : Plateforme de distribution musique","isPartOf":{"@id":"https:\/\/musicalligator.com\/fr\/#website"},"primaryImageOfPage":{"@id":"https:\/\/musicalligator.com\/fr\/#primaryimage"},"image":{"@id":"https:\/\/musicalligator.com\/fr\/#primaryimage"},"thumbnailUrl":"https:\/\/musicalligator.com\/wp-content\/uploads\/2024\/08\/logo-app-MusicAlligator.webp","datePublished":"2024-01-05T17:34:24+00:00","dateModified":"2025-04-15T16:46:26+00:00","description":"Distribuez votre musique dans le monde entier gr\u00e2ce \u00e0 notre distributeur de musique. Atteignez les principales plateformes de streaming, d\u00e9veloppez votre audience et mon\u00e9tisez votre son sans effort.","breadcrumb":{"@id":"https:\/\/musicalligator.com\/fr\/#breadcrumb"},"inLanguage":"fr-FR","potentialAction":[{"@type":"ReadAction","target":["https:\/\/musicalligator.com\/fr\/"]}]},{"@type":"ImageObject","inLanguage":"fr-FR","@id":"https:\/\/musicalligator.com\/fr\/#primaryimage","url":"https:\/\/musicalligator.com\/wp-content\/uploads\/2024\/08\/logo-app-MusicAlligator.webp","contentUrl":"https:\/\/musicalligator.com\/wp-content\/uploads\/2024\/08\/logo-app-MusicAlligator.webp","width":512,"height":512},{"@type":"BreadcrumbList","@id":"https:\/\/musicalligator.com\/fr\/#breadcrumb","itemListElement":[{"@type":"ListItem","position":1,"name":"Home","item":"https:\/\/musicalligator.com\/fr\/"},{"@type":"ListItem","position":2,"name":"Principal"}]},{"@type":"WebSite","@id":"https:\/\/musicalligator.com\/fr\/#website","url":"https:\/\/musicalligator.com\/fr\/","name":"Music Distribution: Digital Service for Artists & Labels","description":"Explore the fastest digital music distribution service for independent artists &amp; labels. Get global and regional exposure with our white label platform. Join our company for unparalleled online music distribution deals.","publisher":{"@id":"https:\/\/musicalligator.com\/fr\/#organization"},"alternateName":"Musicalligator","potentialAction":[{"@type":"SearchAction","target":{"@type":"EntryPoint","urlTemplate":"https:\/\/musicalligator.com\/fr\/?s={search_term_string}"},"query-input":{"@type":"PropertyValueSpecification","valueRequired":true,"valueName":"search_term_string"}}],"inLanguage":"fr-FR"},{"@type":"Organization","@id":"https:\/\/musicalligator.com\/fr\/#organization","name":"Music Distribution: Digital Service for Artists & Labels","alternateName":"Musicalligator","url":"https:\/\/musicalligator.com\/fr\/","logo":{"@type":"ImageObject","inLanguage":"fr-FR","@id":"https:\/\/musicalligator.com\/fr\/#\/schema\/logo\/image\/","url":"https:\/\/musicalligator.com\/wp-content\/uploads\/2024\/08\/logo-app-MusicAlligator.png","contentUrl":"https:\/\/musicalligator.com\/wp-content\/uploads\/2024\/08\/logo-app-MusicAlligator.png","width":512,"height":512,"caption":"Music Distribution: Digital Service for Artists & Labels"},"image":{"@id":"https:\/\/musicalligator.com\/fr\/#\/schema\/logo\/image\/"}}]}},"_links":{"self":[{"href":"https:\/\/musicalligator.com\/fr\/wp-json\/wp\/v2\/pages\/3670","targetHints":{"allow":["GET"]}}],"collection":[{"href":"https:\/\/musicalligator.com\/fr\/wp-json\/wp\/v2\/pages"}],"about":[{"href":"https:\/\/musicalligator.com\/fr\/wp-json\/wp\/v2\/types\/page"}],"author":[{"embeddable":true,"href":"https:\/\/musicalligator.com\/fr\/wp-json\/wp\/v2\/users\/1"}],"replies":[{"embeddable":true,"href":"https:\/\/musicalligator.com\/fr\/wp-json\/wp\/v2\/comments?post=3670"}],"version-history":[{"count":29,"href":"https:\/\/musicalligator.com\/fr\/wp-json\/wp\/v2\/pages\/3670\/revisions"}],"predecessor-version":[{"id":4735,"href":"https:\/\/musicalligator.com\/fr\/wp-json\/wp\/v2\/pages\/3670\/revisions\/4735"}],"wp:featuredmedia":[{"embeddable":true,"href":"https:\/\/musicalligator.com\/fr\/wp-json\/wp\/v2\/media\/3691"}],"wp:attachment":[{"href":"https:\/\/musicalligator.com\/fr\/wp-json\/wp\/v2\/media?parent=3670"}],"curies":[{"name":"wp","href":"https:\/\/api.w.org\/{rel}","templated":true}]}}