{"id":3586,"date":"2024-01-06T19:04:13","date_gmt":"2024-01-06T16:04:13","guid":{"rendered":"https:\/\/musicalligator.com\/public-offer\/"},"modified":"2024-12-10T17:18:43","modified_gmt":"2024-12-10T14:18:43","slug":"offre-publique","status":"publish","type":"page","link":"https:\/\/musicalligator.com\/fr\/offre-publique\/","title":{"rendered":"CONVENTION D&#8217;OFFRE PUBLIQUE DE SERVICES DE MOD\u00c9RATION"},"content":{"rendered":"\n<h4 class=\"wp-block-heading\"><strong>1. DISPOSITIONS G\u00c9N\u00c9RALES<\/strong><\/h4>\n\n<p>MUSIC ALLIGATOR LTD, ci-apr\u00e8s d\u00e9nomm\u00e9 le &#8220;mod\u00e9rateur&#8221;, propose aux personnes int\u00e9ress\u00e9es par ses services (ci-apr\u00e8s d\u00e9nomm\u00e9es le &#8220;client&#8221;) de conclure un contrat de service (ci-apr\u00e8s d\u00e9nomm\u00e9 le &#8220;contrat&#8221;).<\/p>\n\n<p>Le moment de l&#8217;acceptation des conditions de cette offre est le moment du paiement des services conform\u00e9ment au service s\u00e9lectionn\u00e9.\nEn acceptant les conditions ci-dessous et en effectuant le paiement, l&#8217;individu effectuant ces actions accepte cette offre et devient un client.\nEn cons\u00e9quence, veuillez lire attentivement le texte de l&#8217;accord et, si vous n&#8217;\u00eates pas d&#8217;accord avec l&#8217;une des conditions, le mod\u00e9rateur vous sugg\u00e8re de vous abstenir de conclure l&#8217;accord et d&#8217;effectuer toute action visant \u00e0 recevoir des services.  <\/p>\n\n<p>L&#8217;acceptation totale et inconditionnelle de cette offre signifie que le Client accepte les termes de l&#8217;Accord en cochant la case &#8220;J&#8217;accepte les termes de l&#8217;Accord d&#8217;Offre Publique pour les services de mod\u00e9ration&#8221;.<\/p>\n\n<h4 class=\"wp-block-heading\"><strong>2. TERMES ET D\u00c9FINITIONS<\/strong><\/h4>\n\n<p>Dans cette offre, \u00e0 moins que le contexte ne s&#8217;y oppose, les termes suivants ont la signification suivante :<\/p>\n\n<p>&#8211; Offre&#8221; &#8211; proposition publique du mod\u00e9rateur, adress\u00e9e \u00e0 toute personne, de conclure un contrat avec elle aux conditions existantes contenues dans le contrat, y compris toutes ses annexes.<\/p>\n\n<p>&#8211; Client&#8221; &#8211; une personne qui a conclu un contrat avec le mod\u00e9rateur selon les termes du contrat (personne morale, personne physique, entrepreneur individuel).<\/p>\n\n<p>&#8211; Acceptation&#8221; &#8211; acceptation totale et inconditionnelle par le client des termes du contrat.<\/p>\n\n<p>&#8211; Service&#8221; &#8211; service de mod\u00e9ration d&#8217;une sortie musicale.<\/p>\n\n<p>&#8211; Mod\u00e9ration&#8221; &#8211; le processus de v\u00e9rification d&#8217;une \u0153uvre musicale t\u00e9l\u00e9charg\u00e9e par le client sur son compte personnel afin de s&#8217;assurer qu&#8217;elle est conforme aux exigences fix\u00e9es par le mod\u00e9rateur.<\/p>\n\n<p>&#8211; &#8220;Music Release&#8221; &#8211; un ensemble de compositions musicales combin\u00e9es par le client pour \u00eatre t\u00e9l\u00e9charg\u00e9es en vue d&#8217;\u00eatre mod\u00e9r\u00e9es.<\/p>\n\n<p>&#8211; Service Internet (plate-forme)&#8221; &#8211; mat\u00e9riel et logiciel int\u00e9gr\u00e9s au site web.<\/p>\n\n<p>&#8211; Site du mod\u00e9rateur&#8221; &#8211; <a href=\"httpss:\/\/musicalligator.com\/\"><u>httpss:\/\/musicalligator.com<\/u><u>\/<\/u><\/a>.<\/p>\n\n<p>&#8211; Exigences pour la diffusion de la musique&#8221; :<\/p>\n\n<p>&#8211; Originalit\u00e9.\nRespect des droits d&#8217;exclusivit\u00e9 et\/ou des droits d&#8217;auteur de tiers sur le message musical, sa couverture et les autres \u00e9l\u00e9ments qui l&#8217;accompagnent. <\/p>\n\n<p>&#8211; Reprises de chansons.\nSeules les reprises l\u00e9gales et officielles ayant fait l&#8217;objet d&#8217;un accord de licence avec les d\u00e9tenteurs des droits d&#8217;auteur sont accept\u00e9es.\nLes bandes originales, les reprises ou les chansons hommage qui sont tr\u00e8s similaires \u00e0 l&#8217;original ne sont pas autoris\u00e9es.  <\/p>\n\n<p>&#8211; La piste audio ne doit pas \u00eatre un court fragment sonore, un \u00e9chantillon ou un effet sp\u00e9cial (FX).<\/p>\n\n<p>&#8211; Dur\u00e9e.\nLa dur\u00e9e acceptable de la piste est sup\u00e9rieure \u00e0 1 minute, sauf pour les versions &#8220;Skit&#8221; ou &#8220;Intro&#8221;. <\/p>\n\n<p>&#8211; Qualit\u00e9.\nIl n&#8217;y a pas de distorsions sonores, de coupures, d&#8217;interruptions ou d&#8217;autres d\u00e9fauts sonores dans la diffusion de la musique.\nLes enregistrements de mauvaise qualit\u00e9 ne sont pas autoris\u00e9s (sifflements, enregistrement de mauvaise qualit\u00e9, pistes r\u00e9alis\u00e9es et mix\u00e9es de mani\u00e8re non professionnelle, glitches, flou, absence de son, son non synchronis\u00e9).  <\/p>\n\n<p>&#8211; Consid\u00e9rations culturelles.\nLes discours de haine fond\u00e9s sur la race, la religion, le sexe, l&#8217;orientation sexuelle, l&#8217;origine nationale\/ethnique ou d&#8217;autres caract\u00e9ristiques ne sont pas autoris\u00e9s.\nIl est de votre responsabilit\u00e9 de vous familiariser avec les lois et les normes culturelles locales.\nLe contenu doit \u00eatre l\u00e9gal et conforme aux normes morales du pays ou de la r\u00e9gion o\u00f9 la piste sera diffus\u00e9e.   <\/p>\n\n<p>&#8211; Les contenus excessivement offensants, la propagande pour la drogue, les discussions sur des sujets raciaux ou politiques, les insultes ne sont pas autoris\u00e9s.<\/p>\n\n<p>&#8211; Services&#8221; &#8211; un ensemble de services et leur co\u00fbt, affich\u00e9s sur Internet \u00e0 l&#8217;adresse <a href=\"httpss:\/\/musicalligator.com\/public-offer\/\">httpss:\/\/musicalligator.com\/public-offer\/.<\/a> Le client est responsable du suivi des changements de services. <\/p>\n\n<h4 class=\"wp-block-heading\"><strong>3. OBJET DU CONTRAT<\/strong><\/h4>\n\n<p>3.1.\nThe Moderator provides the Customer with services according to the Service chosen by the Customer, indicated at the link <a href=\"\">httpss:\/\/musicalligator.com\/public-offer\/<\/a>, and the Customer pays for these services. <\/p>\n\n<p>3.2.\nIf the Moderator makes changes to the Services, services to the Customer continue to be provided based on the service that they selected and paid for. <\/p>\n\n<h4 class=\"wp-block-heading\"><strong>4. DUR\u00c9E DE LA PRESTATION DE SERVICES<\/strong><\/h4>\n\n<p>4.1.\nThe term of service provision depends on the selected service. <\/p>\n\n<h4 class=\"wp-block-heading\"><strong>5. CO\u00dbT DES SERVICES ET PROC\u00c9DURE DE PAIEMENT<\/strong><\/h4>\n\n<p>5.1.\nThe cost of services depends on the selected service. <\/p>\n\n<p>5.2.\nPayment for services is made on the Moderator\u2019s website by cashless transfer of funds to the Moderator\u2019s details specified on the website. <\/p>\n\n<p>5.3.\nThe moment of payment is considered the moment when funds are received in the Moderator\u2019s bank account. <\/p>\n\n<h4 class=\"wp-block-heading\"><strong>6. PROCESSUS DE PRESTATION DE SERVICES<\/strong><\/h4>\n\n<p>6.1.\nThe Customer selects a Service and makes payment for services in accordance with the Service. <\/p>\n\n<p>6.2.\nAfter payment, the Customer sends the music release to the Moderator for service provision through their personal account in the online service. <\/p>\n\n<p>6.3.\nUpon receiving payment for the services, the Moderator begins to provide the services. <\/p>\n\n<p>6.4.\nThe result of the provided services for Moderation is one of the following decisions made by the Moderator regarding the music release: <\/p>\n\n<p>6.4.1.\nApproval of the music release for its further use (if the music release meets the requirements of the Agreement); <\/p>\n\n<p>6.4.2.\nRefusal to approve the music release for further use (if the music release has violations); <\/p>\n\n<p>6.4.3.\nSending the music release for revision (if the music release has defects or infringes the rights of third parties). <\/p>\n\n<p>6.5.\nIn case the music release is sent for revision for reasons specified in section 6.4.3.\nof the Agreement, the Customer has the right within 3 calendar days from receiving notification from the Moderator to provide documents of title to the disputed result of intellectual activity.  <\/p>\n\n<p>6.5.1.\nIf documentary evidence that meets the requirements of the law is provided within the specified period, the provision of services regarding the music release will continue. <\/p>\n\n<p>6.5.2.\nIf documentary evidence is not provided within the specified period, services regarding the music release are considered to have been provided.\nIn this case, the cost of services is non-refundable.  <\/p>\n\n<p>6.6.\nIn case of refusal to approve the music release for further use, the cost of services is non-refundable.\nResending such a music release for moderation means the provision of services regarding this music release from the beginning.  <\/p>\n\n<h4 class=\"wp-block-heading\"><strong>7. RESPONSABILIT\u00c9 DU MOD\u00c9RATEUR<\/strong><\/h4>\n\n<p>7.1.\nThe Customer understands and agrees that the final decision on including the music release in playlists is made by platform editors, so the Moderator is not responsible for a platform\u2019s refusal to include the music release in playlists. <\/p>\n\n<p>7.2.\nThe Moderator provides services according to the Service chosen by the Customer and is not responsible for the Customer\u2019s infringement of third-party rights, as well as for violation of other requirements for music releases established by legislation. <\/p>\n\n<p>7.3.\nIn case the Customer violates the conditions on the ways of using the Moderator\u2019s online service, the Moderator has the right to unilaterally suspend the provision of Services, the Customer\u2019s access to the personal account on the Moderator\u2019s website or refuse to execute the Agreement and demand compensation for damages caused by the termination of the Agreement. <\/p>\n\n<h4 class=\"wp-block-heading\"><strong>8. MODIFICATIONS DES CONDITIONS DE L&#8217;OFFRE<\/strong><\/h4>\n\n<p>8.1.\nThe Moderator reserves the right to make changes to the terms of the Agreement and\/or withdraw the Agreement at any time at its discretion. <\/p>\n\n<p>8.2.\nIn case the Moderator makes changes to the Agreement, such changes take effect from the moment the amended text of the Agreement is posted on the Internet at <a href=\"\">httpss:\/\/musicalligator.com\/<\/a>, unless a different term for the changes to take effect is additionally defined at such posting. <\/p>\n\n<h4 class=\"wp-block-heading\"><strong>9. DISPOSITIONS FINALES<\/strong><\/h4>\n\n<p>9.1.\nThe Customer confirms that all terms of this Agreement are clear to him, and he accepts them unconditionally and in full. <\/p>\n\n<p>9.2.\nThis Offer-Agreement becomes effective upon the Customer\u2019s acceptance of the offer and remains in force until the parties fully fulfill their obligations. <\/p>\n\n<p>9.3.\nThe Moderator has the right to unilaterally refuse to provide Services if the Customer violates any terms of this offer. <\/p>\n\n<p>9.4. All changes, appendices, and additions to this Contract are its integral parts. <\/p>\n\n<p><strong>Coordonn\u00e9es du mod\u00e9rateur :<\/strong><\/p>\n\n<p>MUSIC ALLIGATOR LTD<\/p>\n\n<p>Le si\u00e8ge social est situ\u00e9 \u00e0 : 7 Bell Yard, Londres, Angleterre, WC2A 2JR<\/p>\n","protected":false},"excerpt":{"rendered":"<p>1. DISPOSITIONS G\u00c9N\u00c9RALES MUSIC ALLIGATOR LTD, ci-apr\u00e8s d\u00e9nomm\u00e9 le &#8220;mod\u00e9rateur&#8221;, propose aux personnes int\u00e9ress\u00e9es par ses services (ci-apr\u00e8s d\u00e9nomm\u00e9es le&#8230;<\/p>\n","protected":false},"author":1,"featured_media":0,"parent":0,"menu_order":0,"comment_status":"closed","ping_status":"closed","template":"","meta":{"footnotes":""},"class_list":["post-3586","page","type-page","status-publish","hentry"],"acf":[],"yoast_head":"<!-- This site is optimized with the Yoast SEO plugin v26.1.1 - https:\/\/yoast.com\/wordpress\/plugins\/seo\/ -->\n<title>CONVENTION D&#039;OFFRE PUBLIQUE DE SERVICES DE MOD\u00c9RATION - Distribuez votre musique avec Music Alligator<\/title>\n<meta name=\"description\" content=\"Contrat d&#039;offre publique de services de mod\u00e9ration MusicAlligator. Nous distribuons votre musique sur Spotify, Apple Music, YouTube Music, Amazon Music et 70 autres plateformes. Visitez-nous pour que vos titres figurent sur les meilleures listes de lecture !\" \/>\n<meta name=\"robots\" content=\"noindex, nofollow\" \/>\n<meta property=\"og:locale\" content=\"fr_FR\" \/>\n<meta property=\"og:type\" content=\"article\" \/>\n<meta property=\"og:title\" content=\"CONVENTION D&#039;OFFRE PUBLIQUE DE SERVICES DE MOD\u00c9RATION - Distribuez votre musique avec Music Alligator\" \/>\n<meta property=\"og:description\" content=\"Contrat d&#039;offre publique de services de mod\u00e9ration MusicAlligator. Nous distribuons votre musique sur Spotify, Apple Music, YouTube Music, Amazon Music et 70 autres plateformes. Visitez-nous pour que vos titres figurent sur les meilleures listes de lecture !\" \/>\n<meta property=\"og:url\" content=\"https:\/\/musicalligator.com\/fr\/offre-publique\/\" \/>\n<meta property=\"og:site_name\" content=\"MusicAlligator\" \/>\n<meta property=\"article:modified_time\" content=\"2024-12-10T14:18:43+00:00\" \/>\n<meta name=\"twitter:card\" content=\"summary_large_image\" \/>\n<meta name=\"twitter:label1\" content=\"Est. reading time\" \/>\n\t<meta name=\"twitter:data1\" content=\"7 minutes\" \/>\n<script type=\"application\/ld+json\" class=\"yoast-schema-graph\">{\"@context\":\"https:\/\/schema.org\",\"@graph\":[{\"@type\":\"WebPage\",\"@id\":\"https:\/\/musicalligator.com\/fr\/offre-publique\/\",\"url\":\"https:\/\/musicalligator.com\/fr\/offre-publique\/\",\"name\":\"CONVENTION D'OFFRE PUBLIQUE DE SERVICES DE MOD\u00c9RATION - Distribuez votre musique avec Music Alligator\",\"isPartOf\":{\"@id\":\"https:\/\/musicalligator.com\/fr\/#website\"},\"datePublished\":\"2024-01-06T16:04:13+00:00\",\"dateModified\":\"2024-12-10T14:18:43+00:00\",\"description\":\"Contrat d'offre publique de services de mod\u00e9ration MusicAlligator. Nous distribuons votre musique sur Spotify, Apple Music, YouTube Music, Amazon Music et 70 autres plateformes. Visitez-nous pour que vos titres figurent sur les meilleures listes de lecture !\",\"breadcrumb\":{\"@id\":\"https:\/\/musicalligator.com\/fr\/offre-publique\/#breadcrumb\"},\"inLanguage\":\"fr-FR\",\"potentialAction\":[{\"@type\":\"ReadAction\",\"target\":[\"https:\/\/musicalligator.com\/fr\/offre-publique\/\"]}]},{\"@type\":\"BreadcrumbList\",\"@id\":\"https:\/\/musicalligator.com\/fr\/offre-publique\/#breadcrumb\",\"itemListElement\":[{\"@type\":\"ListItem\",\"position\":1,\"name\":\"Home\",\"item\":\"https:\/\/musicalligator.com\/fr\/\"},{\"@type\":\"ListItem\",\"position\":2,\"name\":\"CONVENTION D&#8217;OFFRE PUBLIQUE DE SERVICES DE MOD\u00c9RATION\"}]},{\"@type\":\"WebSite\",\"@id\":\"https:\/\/musicalligator.com\/fr\/#website\",\"url\":\"https:\/\/musicalligator.com\/fr\/\",\"name\":\"Music Distribution: Digital Service for Artists & Labels\",\"description\":\"Explore the fastest digital music distribution service for independent artists &amp; labels. Get global and regional exposure with our white label platform. Join our company for unparalleled online music distribution deals.\",\"publisher\":{\"@id\":\"https:\/\/musicalligator.com\/fr\/#organization\"},\"alternateName\":\"Musicalligator\",\"potentialAction\":[{\"@type\":\"SearchAction\",\"target\":{\"@type\":\"EntryPoint\",\"urlTemplate\":\"https:\/\/musicalligator.com\/fr\/?s={search_term_string}\"},\"query-input\":{\"@type\":\"PropertyValueSpecification\",\"valueRequired\":true,\"valueName\":\"search_term_string\"}}],\"inLanguage\":\"fr-FR\"},{\"@type\":\"Organization\",\"@id\":\"https:\/\/musicalligator.com\/fr\/#organization\",\"name\":\"Music Distribution: Digital Service for Artists & Labels\",\"alternateName\":\"Musicalligator\",\"url\":\"https:\/\/musicalligator.com\/fr\/\",\"logo\":{\"@type\":\"ImageObject\",\"inLanguage\":\"fr-FR\",\"@id\":\"https:\/\/musicalligator.com\/fr\/#\/schema\/logo\/image\/\",\"url\":\"https:\/\/musicalligator.com\/wp-content\/uploads\/2024\/08\/logo-app-MusicAlligator.png\",\"contentUrl\":\"https:\/\/musicalligator.com\/wp-content\/uploads\/2024\/08\/logo-app-MusicAlligator.png\",\"width\":512,\"height\":512,\"caption\":\"Music Distribution: Digital Service for Artists & Labels\"},\"image\":{\"@id\":\"https:\/\/musicalligator.com\/fr\/#\/schema\/logo\/image\/\"}}]}<\/script>\n<!-- \/ Yoast SEO plugin. -->","yoast_head_json":{"title":"CONVENTION D'OFFRE PUBLIQUE DE SERVICES DE MOD\u00c9RATION - Distribuez votre musique avec Music Alligator","description":"Contrat d'offre publique de services de mod\u00e9ration MusicAlligator. Nous distribuons votre musique sur Spotify, Apple Music, YouTube Music, Amazon Music et 70 autres plateformes. Visitez-nous pour que vos titres figurent sur les meilleures listes de lecture !","robots":{"index":"noindex","follow":"nofollow"},"og_locale":"fr_FR","og_type":"article","og_title":"CONVENTION D'OFFRE PUBLIQUE DE SERVICES DE MOD\u00c9RATION - Distribuez votre musique avec Music Alligator","og_description":"Contrat d'offre publique de services de mod\u00e9ration MusicAlligator. Nous distribuons votre musique sur Spotify, Apple Music, YouTube Music, Amazon Music et 70 autres plateformes. Visitez-nous pour que vos titres figurent sur les meilleures listes de lecture !","og_url":"https:\/\/musicalligator.com\/fr\/offre-publique\/","og_site_name":"MusicAlligator","article_modified_time":"2024-12-10T14:18:43+00:00","twitter_card":"summary_large_image","twitter_misc":{"Est. reading time":"7 minutes"},"schema":{"@context":"https:\/\/schema.org","@graph":[{"@type":"WebPage","@id":"https:\/\/musicalligator.com\/fr\/offre-publique\/","url":"https:\/\/musicalligator.com\/fr\/offre-publique\/","name":"CONVENTION D'OFFRE PUBLIQUE DE SERVICES DE MOD\u00c9RATION - Distribuez votre musique avec Music Alligator","isPartOf":{"@id":"https:\/\/musicalligator.com\/fr\/#website"},"datePublished":"2024-01-06T16:04:13+00:00","dateModified":"2024-12-10T14:18:43+00:00","description":"Contrat d'offre publique de services de mod\u00e9ration MusicAlligator. Nous distribuons votre musique sur Spotify, Apple Music, YouTube Music, Amazon Music et 70 autres plateformes. Visitez-nous pour que vos titres figurent sur les meilleures listes de lecture !","breadcrumb":{"@id":"https:\/\/musicalligator.com\/fr\/offre-publique\/#breadcrumb"},"inLanguage":"fr-FR","potentialAction":[{"@type":"ReadAction","target":["https:\/\/musicalligator.com\/fr\/offre-publique\/"]}]},{"@type":"BreadcrumbList","@id":"https:\/\/musicalligator.com\/fr\/offre-publique\/#breadcrumb","itemListElement":[{"@type":"ListItem","position":1,"name":"Home","item":"https:\/\/musicalligator.com\/fr\/"},{"@type":"ListItem","position":2,"name":"CONVENTION D&#8217;OFFRE PUBLIQUE DE SERVICES DE MOD\u00c9RATION"}]},{"@type":"WebSite","@id":"https:\/\/musicalligator.com\/fr\/#website","url":"https:\/\/musicalligator.com\/fr\/","name":"Music Distribution: Digital Service for Artists & Labels","description":"Explore the fastest digital music distribution service for independent artists &amp; labels. Get global and regional exposure with our white label platform. Join our company for unparalleled online music distribution deals.","publisher":{"@id":"https:\/\/musicalligator.com\/fr\/#organization"},"alternateName":"Musicalligator","potentialAction":[{"@type":"SearchAction","target":{"@type":"EntryPoint","urlTemplate":"https:\/\/musicalligator.com\/fr\/?s={search_term_string}"},"query-input":{"@type":"PropertyValueSpecification","valueRequired":true,"valueName":"search_term_string"}}],"inLanguage":"fr-FR"},{"@type":"Organization","@id":"https:\/\/musicalligator.com\/fr\/#organization","name":"Music Distribution: Digital Service for Artists & Labels","alternateName":"Musicalligator","url":"https:\/\/musicalligator.com\/fr\/","logo":{"@type":"ImageObject","inLanguage":"fr-FR","@id":"https:\/\/musicalligator.com\/fr\/#\/schema\/logo\/image\/","url":"https:\/\/musicalligator.com\/wp-content\/uploads\/2024\/08\/logo-app-MusicAlligator.png","contentUrl":"https:\/\/musicalligator.com\/wp-content\/uploads\/2024\/08\/logo-app-MusicAlligator.png","width":512,"height":512,"caption":"Music Distribution: Digital Service for Artists & Labels"},"image":{"@id":"https:\/\/musicalligator.com\/fr\/#\/schema\/logo\/image\/"}}]}},"_links":{"self":[{"href":"https:\/\/musicalligator.com\/fr\/wp-json\/wp\/v2\/pages\/3586","targetHints":{"allow":["GET"]}}],"collection":[{"href":"https:\/\/musicalligator.com\/fr\/wp-json\/wp\/v2\/pages"}],"about":[{"href":"https:\/\/musicalligator.com\/fr\/wp-json\/wp\/v2\/types\/page"}],"author":[{"embeddable":true,"href":"https:\/\/musicalligator.com\/fr\/wp-json\/wp\/v2\/users\/1"}],"replies":[{"embeddable":true,"href":"https:\/\/musicalligator.com\/fr\/wp-json\/wp\/v2\/comments?post=3586"}],"version-history":[{"count":2,"href":"https:\/\/musicalligator.com\/fr\/wp-json\/wp\/v2\/pages\/3586\/revisions"}],"predecessor-version":[{"id":3588,"href":"https:\/\/musicalligator.com\/fr\/wp-json\/wp\/v2\/pages\/3586\/revisions\/3588"}],"wp:attachment":[{"href":"https:\/\/musicalligator.com\/fr\/wp-json\/wp\/v2\/media?parent=3586"}],"curies":[{"name":"wp","href":"https:\/\/api.w.org\/{rel}","templated":true}]}}