{"id":2839,"date":"2024-01-06T19:04:13","date_gmt":"2024-01-06T16:04:13","guid":{"rendered":"https:\/\/musicalligator.com\/acuerdo-de-oferta-publica-para-servicios-de-moderacion\/"},"modified":"2024-09-05T18:14:25","modified_gmt":"2024-09-05T15:14:25","slug":"oferta-publica","status":"publish","type":"page","link":"https:\/\/musicalligator.com\/es\/oferta-publica\/","title":{"rendered":"ACUERDO DE OFERTA P\u00daBLICA PARA SERVICIOS DE MODERACI\u00d3N"},"content":{"rendered":"\n<h4 class=\"wp-block-heading\"><strong>1. DISPOSICIONES GENERALES<\/strong><\/h4>\n\n<p>MUSIC ALLIGATOR LTD, en adelante referido como el \u201cModerador\u201d, ofrece a las personas interesadas en sus servicios (en adelante referido como el \u201cCliente\u201d) la oportunidad de celebrar un contrato de servicios (en adelante referido como el \u201cContrato\u201d).<\/p>\n\n<p>El momento de aceptaci\u00f3n de los t\u00e9rminos de esta Oferta es el momento del pago por los servicios de acuerdo con el Servicio seleccionado.\nAl aceptar los t\u00e9rminos a continuaci\u00f3n y realizar el pago, la persona que realiza estas acciones acepta esta oferta y se convierte en Cliente.\nPor lo tanto, lea atentamente el texto del Acuerdo y, si no est\u00e1 de acuerdo con alguna condici\u00f3n, el Moderador le sugiere que se abstenga de celebrar el Acuerdo y realizar cualquier acci\u00f3n destinada a recibir servicios.  <\/p>\n\n<p>La aceptaci\u00f3n total e incondicional de esta oferta significa la conformidad del Cliente con los t\u00e9rminos del Acuerdo al marcar la casilla \u201cAcepto los t\u00e9rminos del Acuerdo de Oferta P\u00fablica para servicios de moderaci\u00f3n\u201d.<\/p>\n\n<h4 class=\"wp-block-heading\"><strong>2. T\u00c9RMINOS Y DEFINICIONES<\/strong><\/h4>\n\n<p>En esta oferta, a menos que el contexto requiera lo contrario, los siguientes t\u00e9rminos tienen los siguientes significados:<\/p>\n\n<p>\u2013 \u201cOferta\u201d \u2013 una propuesta p\u00fablica del Moderador, dirigida a cualquier persona, para celebrar un contrato con ellos en las condiciones existentes contenidas en el Contrato, incluidas todas sus anexos.<\/p>\n\n<p>\u2013 \u201cCliente\u201d \u2013 una persona que ha celebrado un Contrato con el Moderador en los t\u00e9rminos contenidos en el Contrato (persona jur\u00eddica, individuo, empresario individual).<\/p>\n\n<p>\u2013 \u201cAceptaci\u00f3n\u201d \u2013 aceptaci\u00f3n total e incondicional por parte del Cliente de los t\u00e9rminos del Acuerdo.<\/p>\n\n<p>\u2013 \u201cServicio\u201d \u2013 servicio de moderaci\u00f3n de un lanzamiento musical.<\/p>\n\n<p>\u2013 \u201cModeraci\u00f3n\u201d \u2013 el proceso de verificaci\u00f3n de un lanzamiento musical subido por el Cliente a su cuenta personal para cumplir con los requisitos establecidos por el Moderador.<\/p>\n\n<p>\u2013 \u201cLanzamiento Musical\u201d \u2013 un conjunto de composiciones musicales combinadas por el Cliente para subirlas para moderaci\u00f3n.<\/p>\n\n<p>\u2013 \u201cServicio de Internet (Plataforma)\u201d \u2013 hardware y software integrados con el Sitio Web.<\/p>\n\n<p>\u2013 \u201cSitio Web del Moderador\u201d \u2013 <a href=\"httpss:\/\/musicalligator.com\/\"><u>httpss:\/\/musicalligator.com<\/u><u>\/<\/u><\/a>.<\/p>\n\n<p>\u2013 \u201cRequisitos para el Lanzamiento Musical\u201d:<\/p>\n\n<p>\u2013 Originalidad.\nCumplimiento con los derechos exclusivos y\/o de autor de terceros sobre el lanzamiento musical, su portada y otros materiales que acompa\u00f1an al lanzamiento musical. <\/p>\n\n<p>\u2013 Versiones de portada de canciones.\nSolo se aceptan versiones de portada legales y oficiales con acuerdos de licencia de los titulares de derechos de autor.\nNo se permiten bandas sonoras, versiones de portada o canciones tributo que sean muy similares al original.  <\/p>\n\n<p>\u2013 La pista de audio no debe ser un fragmento de sonido corto, muestra o efecto especial (FX).<\/p>\n\n<p>\u2013 Duraci\u00f3n.\nLa duraci\u00f3n aceptable de la pista es de m\u00e1s de 1 minuto, excepto para las versiones \u201cSkit\u201d o \u201cIntro\u201d. <\/p>\n\n<p>\u2013 Calidad.\nNo hay distorsiones de sonido, interrupciones, cortes u otros defectos de sonido en el lanzamiento musical.\nNo se permiten grabaciones de baja calidad (silbidos, grabaci\u00f3n deficiente, pistas hechas y mezcladas de manera no profesional, fallos, borrosidad, ausencia de sonido, sonido no sincronizado).  <\/p>\n\n<p>\u2013 Consideraciones Culturales.\nNo se permite el discurso de odio basado en raza, religi\u00f3n, g\u00e9nero, orientaci\u00f3n sexual, origen nacional\/\u00e9tnico u otras caracter\u00edsticas.\nEs su responsabilidad familiarizarse con las leyes locales y las normas culturales.\nEl contenido debe ser legal y conforme a los est\u00e1ndares morales del pa\u00eds o regi\u00f3n donde se reproducir\u00e1 la pista.   <\/p>\n\n<p>\u2013 No se permiten materiales que contengan contenido excesivamente ofensivo, propaganda de drogas, discusiones de temas raciales o pol\u00edticos, insultos.<\/p>\n\n<p>\u2013 \u201cServicios\u201d \u2013 un conjunto de servicios y su costo, publicado en Internet en <a href=\"httpss:\/\/musicalligator.com\/public-offer\/\">httpss:\/\/musicalligator.com\/public-offer\/<\/a>.\nEl Cliente es responsable de rastrear los cambios en los servicios. <\/p>\n\n<h4 class=\"wp-block-heading\"><strong>3. OBJETO DEL CONTRATO<\/strong><\/h4>\n\n<p>3.1.\nThe Moderator provides the Customer with services according to the Service chosen by the Customer, indicated at the link <a href=\"httpss:\/\/musicalligator.com\/public-offer\/\">httpss:\/\/musicalligator.com\/public-offer\/<\/a>, and the Customer pays for these services. <\/p>\n\n<p>3.2.\nIf the Moderator makes changes to the Services, services to the Customer continue to be provided based on the service that they selected and paid for. <\/p>\n\n<h4 class=\"wp-block-heading\"><strong>4. PLAZO DE PRESTACI\u00d3N DEL SERVICIO<\/strong><\/h4>\n\n<p>4.1.\nThe term of service provision depends on the selected service. <\/p>\n\n<h4 class=\"wp-block-heading\"><strong>5. COSTO DE LOS SERVICIOS Y PROCEDIMIENTO DE PAGO<\/strong><\/h4>\n\n<p>5.1.\nThe cost of services depends on the selected service. <\/p>\n\n<p>5.2.\nPayment for services is made on the Moderator\u2019s website by cashless transfer of funds to the Moderator\u2019s details specified on the website. <\/p>\n\n<p>5.3.\nThe moment of payment is considered the moment when funds are received in the Moderator\u2019s bank account. <\/p>\n\n<h4 class=\"wp-block-heading\"><strong>6. PROCESO DE PRESTACI\u00d3N DEL SERVICIO<\/strong><\/h4>\n\n<p>6.1.\nThe Customer selects a Service and makes payment for services in accordance with the Service. <\/p>\n\n<p>6.2.\nAfter payment, the Customer sends the music release to the Moderator for service provision through their personal account in the online service. <\/p>\n\n<p>6.3.\nUpon receiving payment for the services, the Moderator begins to provide the services. <\/p>\n\n<p>6.4.\nThe result of the provided services for Moderation is one of the following decisions made by the Moderator regarding the music release: <\/p>\n\n<p>6.4.1.\nApproval of the music release for its further use (if the music release meets the requirements of the Agreement); <\/p>\n\n<p>6.4.2.\nRefusal to approve the music release for further use (if the music release has violations); <\/p>\n\n<p>6.4.3.\nSending the music release for revision (if the music release has defects or infringes the rights of third parties). <\/p>\n\n<p>6.5.\nIn case the music release is sent for revision for reasons specified in section 6.4.3.\nof the Agreement, the Customer has the right within 3 calendar days from receiving notification from the Moderator to provide documents of title to the disputed result of intellectual activity.  <\/p>\n\n<p>6.5.1.\nIf documentary evidence that meets the requirements of the law is provided within the specified period, the provision of services regarding the music release will continue. <\/p>\n\n<p>6.5.2.\nIf documentary evidence is not provided within the specified period, services regarding the music release are considered to have been provided.\nIn this case, the cost of services is non-refundable.  <\/p>\n\n<p>6.6.\nIn case of refusal to approve the music release for further use, the cost of services is non-refundable.\nResending such a music release for moderation means the provision of services regarding this music release from the beginning.  <\/p>\n\n<h4 class=\"wp-block-heading\"><strong>7. RESPONSABILIDAD DEL MODERADOR<\/strong><\/h4>\n\n<p>7.1.\nThe Customer understands and agrees that the final decision on including the music release in playlists is made by platform editors, so the Moderator is not responsible for a platform\u2019s refusal to include the music release in playlists. <\/p>\n\n<p>7.2.\nThe Moderator provides services according to the Service chosen by the Customer and is not responsible for the Customer\u2019s infringement of third-party rights, as well as for violation of other requirements for music releases established by legislation. <\/p>\n\n<p>7.3.\nIn case the Customer violates the conditions on the ways of using the Moderator\u2019s online service, the Moderator has the right to unilaterally suspend the provision of Services, the Customer\u2019s access to the personal account on the Moderator\u2019s website or refuse to execute the Agreement and demand compensation for damages caused by the termination of the Agreement. <\/p>\n\n<h4 class=\"wp-block-heading\"><strong>8. CAMBIOS EN LOS T\u00c9RMINOS DE LA OFERTA<\/strong><\/h4>\n\n<p>8.1.\nThe Moderator reserves the right to make changes to the terms of the Agreement and\/or withdraw the Agreement at any time at its discretion. <\/p>\n\n<p>8.2.\nIn case the Moderator makes changes to the Agreement, such changes take effect from the moment the amended text of the Agreement is posted on the Internet at <a href=\"httpss:\/\/musicalligator.com\/\">httpss:\/\/musicalligator.com\/<\/a>, unless a different term for the changes to take effect is additionally defined at such posting. <\/p>\n\n<h4 class=\"wp-block-heading\"><strong>9. DISPOSICIONES FINALES<\/strong><\/h4>\n\n<p>9.1.\nThe Customer confirms that all terms of this Agreement are clear to him, and he accepts them unconditionally and in full. <\/p>\n\n<p>9.2.\nThis Offer-Agreement becomes effective upon the Customer\u2019s acceptance of the offer and remains in force until the parties fully fulfill their obligations. <\/p>\n\n<p>9.3.\nThe Moderator has the right to unilaterally refuse to provide Services if the Customer violates any terms of this offer. <\/p>\n\n<p>9.4.\nAll changes, appendices, and additions to this Contract are its integral parts. <\/p>\n\n<p><strong>Datos de contacto del Moderador:<\/strong><\/p>\n\n<p>MUSIC ALLIGATOR LTD<\/p>\n\n<p>Oficina registrada ubicada en: 7 Bell Yard, Londres, Inglaterra, WC2A 2JR<\/p>\n","protected":false},"excerpt":{"rendered":"<p>1. DISPOSICIONES GENERALES MUSIC ALLIGATOR LTD, en adelante referido como el \u201cModerador\u201d, ofrece a las personas interesadas en sus servicios&#8230;<\/p>\n","protected":false},"author":1,"featured_media":0,"parent":0,"menu_order":0,"comment_status":"closed","ping_status":"closed","template":"","meta":{"footnotes":""},"class_list":["post-2839","page","type-page","status-publish","hentry"],"acf":[],"yoast_head":"<!-- This site is optimized with the Yoast SEO plugin v26.1.1 - https:\/\/yoast.com\/wordpress\/plugins\/seo\/ -->\n<title>ACUERDO DE OFERTA P\u00daBLICA PARA SERVICIOS DE MODERACI\u00d3N - Distribuye tu m\u00fasica con Music Alligator<\/title>\n<meta name=\"description\" content=\"Acuerdo de oferta p\u00fablica para servicios de moderaci\u00f3n MusicAlligator. Distribuimos tu m\u00fasica en Spotify, Apple Music, YouTube Music, Amazon Music y otras 70 plataformas. \u00a1Vis\u00edtanos para poner tus pistas en las mejores listas de reproducci\u00f3n!\" \/>\n<meta name=\"robots\" content=\"noindex, nofollow\" \/>\n<meta property=\"og:locale\" content=\"es_ES\" \/>\n<meta property=\"og:type\" content=\"article\" \/>\n<meta property=\"og:title\" content=\"ACUERDO DE OFERTA P\u00daBLICA PARA SERVICIOS DE MODERACI\u00d3N - Distribuye tu m\u00fasica con Music Alligator\" \/>\n<meta property=\"og:description\" content=\"Acuerdo de oferta p\u00fablica para servicios de moderaci\u00f3n MusicAlligator. Distribuimos tu m\u00fasica en Spotify, Apple Music, YouTube Music, Amazon Music y otras 70 plataformas. \u00a1Vis\u00edtanos para poner tus pistas en las mejores listas de reproducci\u00f3n!\" \/>\n<meta property=\"og:url\" content=\"https:\/\/musicalligator.com\/es\/oferta-publica\/\" \/>\n<meta property=\"og:site_name\" content=\"MusicAlligator\" \/>\n<meta property=\"article:modified_time\" content=\"2024-09-05T15:14:25+00:00\" \/>\n<meta name=\"twitter:card\" content=\"summary_large_image\" \/>\n<meta name=\"twitter:label1\" content=\"Est. reading time\" \/>\n\t<meta name=\"twitter:data1\" content=\"8 minutes\" \/>\n<script type=\"application\/ld+json\" class=\"yoast-schema-graph\">{\"@context\":\"https:\/\/schema.org\",\"@graph\":[{\"@type\":\"WebPage\",\"@id\":\"https:\/\/musicalligator.com\/es\/oferta-publica\/\",\"url\":\"https:\/\/musicalligator.com\/es\/oferta-publica\/\",\"name\":\"ACUERDO DE OFERTA P\u00daBLICA PARA SERVICIOS DE MODERACI\u00d3N - Distribuye tu m\u00fasica con Music Alligator\",\"isPartOf\":{\"@id\":\"https:\/\/musicalligator.com\/es\/#website\"},\"datePublished\":\"2024-01-06T16:04:13+00:00\",\"dateModified\":\"2024-09-05T15:14:25+00:00\",\"description\":\"Acuerdo de oferta p\u00fablica para servicios de moderaci\u00f3n MusicAlligator. Distribuimos tu m\u00fasica en Spotify, Apple Music, YouTube Music, Amazon Music y otras 70 plataformas. \u00a1Vis\u00edtanos para poner tus pistas en las mejores listas de reproducci\u00f3n!\",\"breadcrumb\":{\"@id\":\"https:\/\/musicalligator.com\/es\/oferta-publica\/#breadcrumb\"},\"inLanguage\":\"es-ES\",\"potentialAction\":[{\"@type\":\"ReadAction\",\"target\":[\"https:\/\/musicalligator.com\/es\/oferta-publica\/\"]}]},{\"@type\":\"BreadcrumbList\",\"@id\":\"https:\/\/musicalligator.com\/es\/oferta-publica\/#breadcrumb\",\"itemListElement\":[{\"@type\":\"ListItem\",\"position\":1,\"name\":\"Inicio\",\"item\":\"https:\/\/musicalligator.com\/es\/\"},{\"@type\":\"ListItem\",\"position\":2,\"name\":\"ACUERDO DE OFERTA P\u00daBLICA PARA SERVICIOS DE MODERACI\u00d3N\"}]},{\"@type\":\"WebSite\",\"@id\":\"https:\/\/musicalligator.com\/es\/#website\",\"url\":\"https:\/\/musicalligator.com\/es\/\",\"name\":\"Music Distribution: Digital Service for Artists & Labels\",\"description\":\"Explore the fastest digital music distribution service for independent artists &amp; labels. Get global and regional exposure with our white label platform. Join our company for unparalleled online music distribution deals.\",\"publisher\":{\"@id\":\"https:\/\/musicalligator.com\/es\/#organization\"},\"alternateName\":\"Musicalligator\",\"potentialAction\":[{\"@type\":\"SearchAction\",\"target\":{\"@type\":\"EntryPoint\",\"urlTemplate\":\"https:\/\/musicalligator.com\/es\/?s={search_term_string}\"},\"query-input\":{\"@type\":\"PropertyValueSpecification\",\"valueRequired\":true,\"valueName\":\"search_term_string\"}}],\"inLanguage\":\"es-ES\"},{\"@type\":\"Organization\",\"@id\":\"https:\/\/musicalligator.com\/es\/#organization\",\"name\":\"Music Distribution: Digital Service for Artists & Labels\",\"alternateName\":\"Musicalligator\",\"url\":\"https:\/\/musicalligator.com\/es\/\",\"logo\":{\"@type\":\"ImageObject\",\"inLanguage\":\"es-ES\",\"@id\":\"https:\/\/musicalligator.com\/es\/#\/schema\/logo\/image\/\",\"url\":\"https:\/\/musicalligator.com\/wp-content\/uploads\/2024\/08\/logo-app-MusicAlligator.png\",\"contentUrl\":\"https:\/\/musicalligator.com\/wp-content\/uploads\/2024\/08\/logo-app-MusicAlligator.png\",\"width\":512,\"height\":512,\"caption\":\"Music Distribution: Digital Service for Artists & Labels\"},\"image\":{\"@id\":\"https:\/\/musicalligator.com\/es\/#\/schema\/logo\/image\/\"}}]}<\/script>\n<!-- \/ Yoast SEO plugin. -->","yoast_head_json":{"title":"ACUERDO DE OFERTA P\u00daBLICA PARA SERVICIOS DE MODERACI\u00d3N - Distribuye tu m\u00fasica con Music Alligator","description":"Acuerdo de oferta p\u00fablica para servicios de moderaci\u00f3n MusicAlligator. Distribuimos tu m\u00fasica en Spotify, Apple Music, YouTube Music, Amazon Music y otras 70 plataformas. \u00a1Vis\u00edtanos para poner tus pistas en las mejores listas de reproducci\u00f3n!","robots":{"index":"noindex","follow":"nofollow"},"og_locale":"es_ES","og_type":"article","og_title":"ACUERDO DE OFERTA P\u00daBLICA PARA SERVICIOS DE MODERACI\u00d3N - Distribuye tu m\u00fasica con Music Alligator","og_description":"Acuerdo de oferta p\u00fablica para servicios de moderaci\u00f3n MusicAlligator. Distribuimos tu m\u00fasica en Spotify, Apple Music, YouTube Music, Amazon Music y otras 70 plataformas. \u00a1Vis\u00edtanos para poner tus pistas en las mejores listas de reproducci\u00f3n!","og_url":"https:\/\/musicalligator.com\/es\/oferta-publica\/","og_site_name":"MusicAlligator","article_modified_time":"2024-09-05T15:14:25+00:00","twitter_card":"summary_large_image","twitter_misc":{"Est. reading time":"8 minutes"},"schema":{"@context":"https:\/\/schema.org","@graph":[{"@type":"WebPage","@id":"https:\/\/musicalligator.com\/es\/oferta-publica\/","url":"https:\/\/musicalligator.com\/es\/oferta-publica\/","name":"ACUERDO DE OFERTA P\u00daBLICA PARA SERVICIOS DE MODERACI\u00d3N - Distribuye tu m\u00fasica con Music Alligator","isPartOf":{"@id":"https:\/\/musicalligator.com\/es\/#website"},"datePublished":"2024-01-06T16:04:13+00:00","dateModified":"2024-09-05T15:14:25+00:00","description":"Acuerdo de oferta p\u00fablica para servicios de moderaci\u00f3n MusicAlligator. Distribuimos tu m\u00fasica en Spotify, Apple Music, YouTube Music, Amazon Music y otras 70 plataformas. \u00a1Vis\u00edtanos para poner tus pistas en las mejores listas de reproducci\u00f3n!","breadcrumb":{"@id":"https:\/\/musicalligator.com\/es\/oferta-publica\/#breadcrumb"},"inLanguage":"es-ES","potentialAction":[{"@type":"ReadAction","target":["https:\/\/musicalligator.com\/es\/oferta-publica\/"]}]},{"@type":"BreadcrumbList","@id":"https:\/\/musicalligator.com\/es\/oferta-publica\/#breadcrumb","itemListElement":[{"@type":"ListItem","position":1,"name":"Inicio","item":"https:\/\/musicalligator.com\/es\/"},{"@type":"ListItem","position":2,"name":"ACUERDO DE OFERTA P\u00daBLICA PARA SERVICIOS DE MODERACI\u00d3N"}]},{"@type":"WebSite","@id":"https:\/\/musicalligator.com\/es\/#website","url":"https:\/\/musicalligator.com\/es\/","name":"Music Distribution: Digital Service for Artists & Labels","description":"Explore the fastest digital music distribution service for independent artists &amp; labels. Get global and regional exposure with our white label platform. Join our company for unparalleled online music distribution deals.","publisher":{"@id":"https:\/\/musicalligator.com\/es\/#organization"},"alternateName":"Musicalligator","potentialAction":[{"@type":"SearchAction","target":{"@type":"EntryPoint","urlTemplate":"https:\/\/musicalligator.com\/es\/?s={search_term_string}"},"query-input":{"@type":"PropertyValueSpecification","valueRequired":true,"valueName":"search_term_string"}}],"inLanguage":"es-ES"},{"@type":"Organization","@id":"https:\/\/musicalligator.com\/es\/#organization","name":"Music Distribution: Digital Service for Artists & Labels","alternateName":"Musicalligator","url":"https:\/\/musicalligator.com\/es\/","logo":{"@type":"ImageObject","inLanguage":"es-ES","@id":"https:\/\/musicalligator.com\/es\/#\/schema\/logo\/image\/","url":"https:\/\/musicalligator.com\/wp-content\/uploads\/2024\/08\/logo-app-MusicAlligator.png","contentUrl":"https:\/\/musicalligator.com\/wp-content\/uploads\/2024\/08\/logo-app-MusicAlligator.png","width":512,"height":512,"caption":"Music Distribution: Digital Service for Artists & Labels"},"image":{"@id":"https:\/\/musicalligator.com\/es\/#\/schema\/logo\/image\/"}}]}},"_links":{"self":[{"href":"https:\/\/musicalligator.com\/es\/wp-json\/wp\/v2\/pages\/2839","targetHints":{"allow":["GET"]}}],"collection":[{"href":"https:\/\/musicalligator.com\/es\/wp-json\/wp\/v2\/pages"}],"about":[{"href":"https:\/\/musicalligator.com\/es\/wp-json\/wp\/v2\/types\/page"}],"author":[{"embeddable":true,"href":"https:\/\/musicalligator.com\/es\/wp-json\/wp\/v2\/users\/1"}],"replies":[{"embeddable":true,"href":"https:\/\/musicalligator.com\/es\/wp-json\/wp\/v2\/comments?post=2839"}],"version-history":[{"count":2,"href":"https:\/\/musicalligator.com\/es\/wp-json\/wp\/v2\/pages\/2839\/revisions"}],"predecessor-version":[{"id":2841,"href":"https:\/\/musicalligator.com\/es\/wp-json\/wp\/v2\/pages\/2839\/revisions\/2841"}],"wp:attachment":[{"href":"https:\/\/musicalligator.com\/es\/wp-json\/wp\/v2\/media?parent=2839"}],"curies":[{"name":"wp","href":"https:\/\/api.w.org\/{rel}","templated":true}]}}