{"id":2817,"date":"2024-01-05T20:34:24","date_gmt":"2024-01-05T17:34:24","guid":{"rendered":"https:\/\/musicalligator.com\/principal\/"},"modified":"2025-04-15T17:20:13","modified_gmt":"2025-04-15T14:20:13","slug":"principal","status":"publish","type":"page","link":"https:\/\/musicalligator.com\/es\/","title":{"rendered":"Principal"},"content":{"rendered":"\t\t<div data-elementor-type=\"wp-page\" data-elementor-id=\"2817\" class=\"elementor elementor-2817 elementor-2\" data-elementor-post-type=\"page\">\n\t\t\t\t<div class=\"elementor-element elementor-element-6486b32e e-flex e-con-boxed e-con e-parent\" data-id=\"6486b32e\" data-element_type=\"container\">\n\t\t\t\t\t<div class=\"e-con-inner\">\n\t\t\t\t<div class=\"elementor-element elementor-element-59a1cfc8 elementor-widget elementor-widget-text-editor\" data-id=\"59a1cfc8\" data-element_type=\"widget\" id=\"main-title\" data-widget_type=\"text-editor.default\">\n\t\t\t\t<div class=\"elementor-widget-container\">\n\t\t\t\t\t\t\t\t\t<h1 class=\"wp-block-heading has-text-align-center m_di music-text\"><span class=\"premium_top\">LA DISTRIBUCI\u00d3N<\/span><\/br>\n<span class=\"wp-block-heading music-text\" style=\"color: #ffffff;  font-weight: bold; text-transform: uppercase;\">PREMIUM DE M\u00daSICA<\/span><\/h1>\n<p class=\"starts_h_top\">COMIENZA AQU\u00cd<\/p>\n\n<div class=\"text_top_af\">\n<div class=\"icon-list\"><img decoding=\"async\" class=\"icon top_sp\" src=\"\/wp-content\/themes\/musicalligator\/assets\/images\/check_small.svg\" \/> SELLOS<\/div>\n<div class=\"icon-list\"><img decoding=\"async\" class=\"icon top_sp\" src=\"\/wp-content\/themes\/musicalligator\/assets\/images\/check_small.svg\" \/> ARTISTAS INDEPENDIENTES<\/div>\n<div class=\"icon-list\"><img decoding=\"async\" class=\"icon top_sp\" src=\"\/wp-content\/themes\/musicalligator\/assets\/images\/check_small.svg\" \/> GERENTES DE LA INDUSTRIA MUSICAL<\/div>\n<\/div>\n<style>\n  .text_top_af {<br \/>    text-align: center;<br \/>  }<\/p>\n<p>  .icon-list {<br \/>    color: white;<br \/>    font-weight: 400;<br \/>    display: inline-block;<br \/>    margin-bottom: 10px;<br \/>    vertical-align: middle;<br \/>    padding-right: 5px;<\/p>\n<p>  }<\/p>\n<p>  .icon {<br \/>    display: inline-block;<br \/>    margin-right: 5px;<br \/>    vertical-align: middle;<\/p>\n<p>  }<\/p>\n<p> .top_sp {<br \/>    margin-top: -5px;<br \/>  }<\/p>\n<p>.elementor-2 .elementor-element.elementor-element-6486b32e {<br \/>    --display: contents !important;<br \/>}<\/p>\n<\/style>\n<div class=\"wp-block-spacer\" style=\"height: 34px;\" aria-hidden=\"true\"><\/div>\n<div class=\"wp-block-buttons alignwide\">\n<div class=\"wp-block-button is-style-outline\" style=\"display: flex; justify-content: center; align-items: center; padding-bottom: 30px;\"><a class=\"wp-block-button__link has-text-color has-link-color has-text-align-center wp-element-button sign_but\" style=\"border-radius: 10px; color: #32d979;\" href=\"https:\/\/app.musicalligator.com\/auth\/signup\">Reg\u00edstrate<\/a><\/div>\n<\/div>\t\t\t\t\t\t\t\t<\/div>\n\t\t\t\t<\/div>\n\t\t\t\t<div class=\"elementor-element elementor-element-b5e9462 elementor-widget elementor-widget-spacer\" data-id=\"b5e9462\" data-element_type=\"widget\" data-widget_type=\"spacer.default\">\n\t\t\t\t<div class=\"elementor-widget-container\">\n\t\t\t\t\t\t\t<div class=\"elementor-spacer\">\n\t\t\t<div class=\"elementor-spacer-inner\"><\/div>\n\t\t<\/div>\n\t\t\t\t\t\t<\/div>\n\t\t\t\t<\/div>\n\t\t\t\t\t<\/div>\n\t\t\t\t<\/div>\n\t\t\t\t<\/div>\n\t\t","protected":false},"excerpt":{"rendered":"<p>Premium DISTRIBUCI\u00d3N DE M\u00daSICA COMIENZA AQU\u00cd SELLOS ARTISTAS INDEPENDIENTES GERENTES DE LA INDUSTRIA MUSICAL Reg\u00edstrate<\/p>\n","protected":false},"author":1,"featured_media":2934,"parent":0,"menu_order":0,"comment_status":"closed","ping_status":"open","template":"page-template-home.php","meta":{"footnotes":""},"class_list":["post-2817","page","type-page","status-publish","has-post-thumbnail","hentry"],"acf":[],"yoast_head":"<!-- This site is optimized with the Yoast SEO plugin v26.1.1 - https:\/\/yoast.com\/wordpress\/plugins\/seo\/ -->\n<title>Distribuci\u00f3n de M\u00fasica: Servicio Digital para Artistas Sellos<\/title>\n<meta name=\"description\" content=\"Explora el servicio de distribuci\u00f3n digital de m\u00fasica m\u00e1s r\u00e1pido para artistas independientes &amp; sellos. Obt\u00e9n exposici\u00f3n global y regional con nuestra plataforma de marca blanca. \u00danete a nuestra empresa para ofertas inigualables de distribuci\u00f3n de m\u00fasica en l\u00ednea.\" \/>\n<meta name=\"robots\" content=\"index, follow, max-snippet:-1, max-image-preview:large, max-video-preview:-1\" \/>\n<link rel=\"canonical\" href=\"https:\/\/musicalligator.com\/es\/\" \/>\n<meta property=\"og:locale\" content=\"es_ES\" \/>\n<meta property=\"og:type\" content=\"article\" \/>\n<meta property=\"og:title\" content=\"Distribuci\u00f3n de M\u00fasica: Servicio Digital para Artistas Sellos\" \/>\n<meta property=\"og:description\" content=\"Explora el servicio de distribuci\u00f3n digital de m\u00fasica m\u00e1s r\u00e1pido para artistas independientes &amp; sellos. Obt\u00e9n exposici\u00f3n global y regional con nuestra plataforma de marca blanca. \u00danete a nuestra empresa para ofertas inigualables de distribuci\u00f3n de m\u00fasica en l\u00ednea.\" \/>\n<meta property=\"og:url\" content=\"https:\/\/musicalligator.com\/es\/\" \/>\n<meta property=\"og:site_name\" content=\"MusicAlligator\" \/>\n<meta property=\"article:modified_time\" content=\"2025-04-15T14:20:13+00:00\" \/>\n<meta property=\"og:image\" content=\"https:\/\/musicalligator.com\/wp-content\/uploads\/2024\/08\/logo-app-MusicAlligator.png\" \/>\n\t<meta property=\"og:image:width\" content=\"512\" \/>\n\t<meta property=\"og:image:height\" content=\"512\" \/>\n\t<meta property=\"og:image:type\" content=\"image\/png\" \/>\n<meta name=\"twitter:card\" content=\"summary_large_image\" \/>\n<meta name=\"twitter:label1\" content=\"Est. reading time\" \/>\n\t<meta name=\"twitter:data1\" content=\"1 minute\" \/>\n<script type=\"application\/ld+json\" class=\"yoast-schema-graph\">{\"@context\":\"https:\/\/schema.org\",\"@graph\":[{\"@type\":\"WebPage\",\"@id\":\"https:\/\/musicalligator.com\/es\/\",\"url\":\"https:\/\/musicalligator.com\/es\/\",\"name\":\"Distribuci\u00f3n de M\u00fasica: Servicio Digital para Artistas Sellos\",\"isPartOf\":{\"@id\":\"https:\/\/musicalligator.com\/es\/#website\"},\"primaryImageOfPage\":{\"@id\":\"https:\/\/musicalligator.com\/es\/#primaryimage\"},\"image\":{\"@id\":\"https:\/\/musicalligator.com\/es\/#primaryimage\"},\"thumbnailUrl\":\"https:\/\/musicalligator.com\/wp-content\/uploads\/2024\/08\/logo-app-MusicAlligator.png\",\"datePublished\":\"2024-01-05T17:34:24+00:00\",\"dateModified\":\"2025-04-15T14:20:13+00:00\",\"description\":\"Explora el servicio de distribuci\u00f3n digital de m\u00fasica m\u00e1s r\u00e1pido para artistas independientes & sellos. Obt\u00e9n exposici\u00f3n global y regional con nuestra plataforma de marca blanca. \u00danete a nuestra empresa para ofertas inigualables de distribuci\u00f3n de m\u00fasica en l\u00ednea.\",\"breadcrumb\":{\"@id\":\"https:\/\/musicalligator.com\/es\/#breadcrumb\"},\"inLanguage\":\"es-ES\",\"potentialAction\":[{\"@type\":\"ReadAction\",\"target\":[\"https:\/\/musicalligator.com\/es\/\"]}]},{\"@type\":\"ImageObject\",\"inLanguage\":\"es-ES\",\"@id\":\"https:\/\/musicalligator.com\/es\/#primaryimage\",\"url\":\"https:\/\/musicalligator.com\/wp-content\/uploads\/2024\/08\/logo-app-MusicAlligator.png\",\"contentUrl\":\"https:\/\/musicalligator.com\/wp-content\/uploads\/2024\/08\/logo-app-MusicAlligator.png\",\"width\":512,\"height\":512,\"caption\":\"Logo MusicAlligator\"},{\"@type\":\"BreadcrumbList\",\"@id\":\"https:\/\/musicalligator.com\/es\/#breadcrumb\",\"itemListElement\":[{\"@type\":\"ListItem\",\"position\":1,\"name\":\"Inicio\",\"item\":\"https:\/\/musicalligator.com\/es\/\"},{\"@type\":\"ListItem\",\"position\":2,\"name\":\"Principal\"}]},{\"@type\":\"WebSite\",\"@id\":\"https:\/\/musicalligator.com\/es\/#website\",\"url\":\"https:\/\/musicalligator.com\/es\/\",\"name\":\"Music Distribution: Digital Service for Artists & Labels\",\"description\":\"Explore the fastest digital music distribution service for independent artists &amp; labels. Get global and regional exposure with our white label platform. Join our company for unparalleled online music distribution deals.\",\"publisher\":{\"@id\":\"https:\/\/musicalligator.com\/es\/#organization\"},\"alternateName\":\"Musicalligator\",\"potentialAction\":[{\"@type\":\"SearchAction\",\"target\":{\"@type\":\"EntryPoint\",\"urlTemplate\":\"https:\/\/musicalligator.com\/es\/?s={search_term_string}\"},\"query-input\":{\"@type\":\"PropertyValueSpecification\",\"valueRequired\":true,\"valueName\":\"search_term_string\"}}],\"inLanguage\":\"es-ES\"},{\"@type\":\"Organization\",\"@id\":\"https:\/\/musicalligator.com\/es\/#organization\",\"name\":\"Music Distribution: Digital Service for Artists & Labels\",\"alternateName\":\"Musicalligator\",\"url\":\"https:\/\/musicalligator.com\/es\/\",\"logo\":{\"@type\":\"ImageObject\",\"inLanguage\":\"es-ES\",\"@id\":\"https:\/\/musicalligator.com\/es\/#\/schema\/logo\/image\/\",\"url\":\"https:\/\/musicalligator.com\/wp-content\/uploads\/2024\/08\/logo-app-MusicAlligator.png\",\"contentUrl\":\"https:\/\/musicalligator.com\/wp-content\/uploads\/2024\/08\/logo-app-MusicAlligator.png\",\"width\":512,\"height\":512,\"caption\":\"Music Distribution: Digital Service for Artists & Labels\"},\"image\":{\"@id\":\"https:\/\/musicalligator.com\/es\/#\/schema\/logo\/image\/\"}}]}<\/script>\n<!-- \/ Yoast SEO plugin. -->","yoast_head_json":{"title":"Distribuci\u00f3n de M\u00fasica: Servicio Digital para Artistas Sellos","description":"Explora el servicio de distribuci\u00f3n digital de m\u00fasica m\u00e1s r\u00e1pido para artistas independientes & sellos. Obt\u00e9n exposici\u00f3n global y regional con nuestra plataforma de marca blanca. \u00danete a nuestra empresa para ofertas inigualables de distribuci\u00f3n de m\u00fasica en l\u00ednea.","robots":{"index":"index","follow":"follow","max-snippet":"max-snippet:-1","max-image-preview":"max-image-preview:large","max-video-preview":"max-video-preview:-1"},"canonical":"https:\/\/musicalligator.com\/es\/","og_locale":"es_ES","og_type":"article","og_title":"Distribuci\u00f3n de M\u00fasica: Servicio Digital para Artistas Sellos","og_description":"Explora el servicio de distribuci\u00f3n digital de m\u00fasica m\u00e1s r\u00e1pido para artistas independientes & sellos. Obt\u00e9n exposici\u00f3n global y regional con nuestra plataforma de marca blanca. \u00danete a nuestra empresa para ofertas inigualables de distribuci\u00f3n de m\u00fasica en l\u00ednea.","og_url":"https:\/\/musicalligator.com\/es\/","og_site_name":"MusicAlligator","article_modified_time":"2025-04-15T14:20:13+00:00","og_image":[{"width":512,"height":512,"url":"https:\/\/musicalligator.com\/wp-content\/uploads\/2024\/08\/logo-app-MusicAlligator.png","type":"image\/png"}],"twitter_card":"summary_large_image","twitter_misc":{"Est. reading time":"1 minute"},"schema":{"@context":"https:\/\/schema.org","@graph":[{"@type":"WebPage","@id":"https:\/\/musicalligator.com\/es\/","url":"https:\/\/musicalligator.com\/es\/","name":"Distribuci\u00f3n de M\u00fasica: Servicio Digital para Artistas Sellos","isPartOf":{"@id":"https:\/\/musicalligator.com\/es\/#website"},"primaryImageOfPage":{"@id":"https:\/\/musicalligator.com\/es\/#primaryimage"},"image":{"@id":"https:\/\/musicalligator.com\/es\/#primaryimage"},"thumbnailUrl":"https:\/\/musicalligator.com\/wp-content\/uploads\/2024\/08\/logo-app-MusicAlligator.png","datePublished":"2024-01-05T17:34:24+00:00","dateModified":"2025-04-15T14:20:13+00:00","description":"Explora el servicio de distribuci\u00f3n digital de m\u00fasica m\u00e1s r\u00e1pido para artistas independientes & sellos. Obt\u00e9n exposici\u00f3n global y regional con nuestra plataforma de marca blanca. \u00danete a nuestra empresa para ofertas inigualables de distribuci\u00f3n de m\u00fasica en l\u00ednea.","breadcrumb":{"@id":"https:\/\/musicalligator.com\/es\/#breadcrumb"},"inLanguage":"es-ES","potentialAction":[{"@type":"ReadAction","target":["https:\/\/musicalligator.com\/es\/"]}]},{"@type":"ImageObject","inLanguage":"es-ES","@id":"https:\/\/musicalligator.com\/es\/#primaryimage","url":"https:\/\/musicalligator.com\/wp-content\/uploads\/2024\/08\/logo-app-MusicAlligator.png","contentUrl":"https:\/\/musicalligator.com\/wp-content\/uploads\/2024\/08\/logo-app-MusicAlligator.png","width":512,"height":512,"caption":"Logo MusicAlligator"},{"@type":"BreadcrumbList","@id":"https:\/\/musicalligator.com\/es\/#breadcrumb","itemListElement":[{"@type":"ListItem","position":1,"name":"Inicio","item":"https:\/\/musicalligator.com\/es\/"},{"@type":"ListItem","position":2,"name":"Principal"}]},{"@type":"WebSite","@id":"https:\/\/musicalligator.com\/es\/#website","url":"https:\/\/musicalligator.com\/es\/","name":"Music Distribution: Digital Service for Artists & Labels","description":"Explore the fastest digital music distribution service for independent artists &amp; labels. Get global and regional exposure with our white label platform. Join our company for unparalleled online music distribution deals.","publisher":{"@id":"https:\/\/musicalligator.com\/es\/#organization"},"alternateName":"Musicalligator","potentialAction":[{"@type":"SearchAction","target":{"@type":"EntryPoint","urlTemplate":"https:\/\/musicalligator.com\/es\/?s={search_term_string}"},"query-input":{"@type":"PropertyValueSpecification","valueRequired":true,"valueName":"search_term_string"}}],"inLanguage":"es-ES"},{"@type":"Organization","@id":"https:\/\/musicalligator.com\/es\/#organization","name":"Music Distribution: Digital Service for Artists & Labels","alternateName":"Musicalligator","url":"https:\/\/musicalligator.com\/es\/","logo":{"@type":"ImageObject","inLanguage":"es-ES","@id":"https:\/\/musicalligator.com\/es\/#\/schema\/logo\/image\/","url":"https:\/\/musicalligator.com\/wp-content\/uploads\/2024\/08\/logo-app-MusicAlligator.png","contentUrl":"https:\/\/musicalligator.com\/wp-content\/uploads\/2024\/08\/logo-app-MusicAlligator.png","width":512,"height":512,"caption":"Music Distribution: Digital Service for Artists & Labels"},"image":{"@id":"https:\/\/musicalligator.com\/es\/#\/schema\/logo\/image\/"}}]}},"_links":{"self":[{"href":"https:\/\/musicalligator.com\/es\/wp-json\/wp\/v2\/pages\/2817","targetHints":{"allow":["GET"]}}],"collection":[{"href":"https:\/\/musicalligator.com\/es\/wp-json\/wp\/v2\/pages"}],"about":[{"href":"https:\/\/musicalligator.com\/es\/wp-json\/wp\/v2\/types\/page"}],"author":[{"embeddable":true,"href":"https:\/\/musicalligator.com\/es\/wp-json\/wp\/v2\/users\/1"}],"replies":[{"embeddable":true,"href":"https:\/\/musicalligator.com\/es\/wp-json\/wp\/v2\/comments?post=2817"}],"version-history":[{"count":61,"href":"https:\/\/musicalligator.com\/es\/wp-json\/wp\/v2\/pages\/2817\/revisions"}],"predecessor-version":[{"id":4333,"href":"https:\/\/musicalligator.com\/es\/wp-json\/wp\/v2\/pages\/2817\/revisions\/4333"}],"wp:featuredmedia":[{"embeddable":true,"href":"https:\/\/musicalligator.com\/es\/wp-json\/wp\/v2\/media\/2934"}],"wp:attachment":[{"href":"https:\/\/musicalligator.com\/es\/wp-json\/wp\/v2\/media?parent=2817"}],"curies":[{"name":"wp","href":"https:\/\/api.w.org\/{rel}","templated":true}]}}