{"id":3415,"date":"2024-01-06T19:04:13","date_gmt":"2024-01-06T16:04:13","guid":{"rendered":"https:\/\/musicalligator.com\/public-offer\/"},"modified":"2024-12-10T17:22:32","modified_gmt":"2024-12-10T14:22:32","slug":"oeffentliches-angebot","status":"publish","type":"page","link":"https:\/\/musicalligator.com\/de\/oeffentliches-angebot\/","title":{"rendered":"VEREINBARUNG \u00dcBER EIN \u00d6FFENTLICHES ANGEBOT F\u00dcR MODERATIONSDIENSTE"},"content":{"rendered":"\n<h4 class=\"wp-block-heading\"><strong>1. ALLGEMEINE BESTIMMUNGEN<\/strong><\/h4>\n\n<p>MUSIC ALLIGATOR LTD, im Folgenden als &#8220;Moderator&#8221; bezeichnet, bietet hiermit Personen, die an seinen Dienstleistungen interessiert sind (im Folgenden als &#8220;Kunde&#8221; bezeichnet), die M\u00f6glichkeit, einen Dienstleistungsvertrag (im Folgenden als &#8220;Vertrag&#8221; bezeichnet) abzuschlie\u00dfen.<\/p>\n\n<p>Der Zeitpunkt der Annahme der Bedingungen dieses Angebots ist der Zeitpunkt der Zahlung f\u00fcr die Dienstleistungen gem\u00e4\u00df dem gew\u00e4hlten Service.\nDurch die Annahme der nachstehenden Bedingungen und die Zahlung nimmt die Person, die diese Handlungen vornimmt, dieses Angebot an und wird Kunde.\nBitte lesen Sie daher den Vertragstext sorgf\u00e4ltig durch. Sollten Sie mit einer Bedingung nicht einverstanden sein, empfiehlt Ihnen der Moderator, den Vertrag nicht abzuschlie\u00dfen und keine Handlungen vorzunehmen, die auf den Erhalt von Dienstleistungen abzielen.  <\/p>\n\n<p>Die vollst\u00e4ndige und bedingungslose Annahme dieses Angebots bedeutet, dass der Kunde mit den Bedingungen der Vereinbarung einverstanden ist, indem er das K\u00e4stchen &#8220;Ich akzeptiere die Bedingungen der Vereinbarung \u00fcber das \u00f6ffentliche Angebot von Moderationsdiensten&#8221; ankreuzt.<\/p>\n\n<h4 class=\"wp-block-heading\"><strong>2. BEGRIFFE UND DEFINITIONEN<\/strong><\/h4>\n\n<p>In diesem Angebot haben die folgenden Begriffe, sofern der Kontext nichts anderes erfordert, die folgende Bedeutung:<\/p>\n\n<p>&#8211; &#8220;Angebot&#8221; &#8211; ein \u00f6ffentliches Angebot des Moderators an eine beliebige Person, einen Vertrag mit ihr zu den im Vertrag enthaltenen Bedingungen, einschlie\u00dflich aller Anh\u00e4nge, abzuschlie\u00dfen.<\/p>\n\n<p>&#8211; &#8220;Kunde&#8221; &#8211; eine Person, die mit dem Moderator einen Vertrag zu den im Vertrag enthaltenen Bedingungen geschlossen hat (juristische Person, nat\u00fcrliche Person, Einzelunternehmer).<\/p>\n\n<p>&#8211; &#8220;Akzeptanz&#8221; &#8211; die vollst\u00e4ndige und bedingungslose Annahme der Vertragsbedingungen durch den Kunden.<\/p>\n\n<p>&#8211; &#8220;Service&#8221; &#8211; Moderationsdienst einer Musikver\u00f6ffentlichung.<\/p>\n\n<p>&#8211; &#8220;Moderation&#8221; &#8211; der Prozess der \u00dcberpr\u00fcfung einer vom Kunden auf sein pers\u00f6nliches Konto hochgeladenen Musikver\u00f6ffentlichung auf \u00dcbereinstimmung mit den vom Moderator festgelegten Anforderungen.<\/p>\n\n<p>&#8211; &#8220;Musikver\u00f6ffentlichung&#8221; &#8211; eine Reihe von Musikkompositionen, die der Kunde f\u00fcr den Upload zur Moderation zusammengestellt hat.<\/p>\n\n<p>&#8211; &#8220;Internetdienst (Plattform)&#8221; &#8211; Hardware und Software, die in die Website integriert sind.<\/p>\n\n<p>&#8211; &#8220;Website des Moderators&#8221; &#8211; <a href=\"httpss:\/\/musicalligator.com\/\"><u>httpss:\/\/musicalligator.com<\/u><u>\/<\/u><\/a>.<\/p>\n\n<p>&#8211; &#8220;Anforderungen f\u00fcr die Ver\u00f6ffentlichung von Musik&#8221;:<\/p>\n\n<p>&#8211; Originalit\u00e4t.\nEinhaltung der Exklusiv- und\/oder Urheberrechte Dritter an der Musikver\u00f6ffentlichung, ihrem Cover und anderen Materialien, die die Musikver\u00f6ffentlichung begleiten. <\/p>\n\n<p>&#8211; Coverversionen von Songs.\nEs werden nur legale und offizielle Coverversionen mit Lizenzvereinbarungen mit den Urheberrechtsinhabern akzeptiert.\nSoundtracks, Coverversionen oder Tribute-Songs, die dem Original sehr \u00e4hnlich sind, sind nicht erlaubt.  <\/p>\n\n<p>&#8211; Die Audiospur sollte nicht aus einem kurzen Soundfragment, Sample oder Spezialeffekt (FX) bestehen.<\/p>\n\n<p>&#8211; Dauer.\nDie zul\u00e4ssige Dauer eines Tracks betr\u00e4gt mehr als 1 Minute, au\u00dfer bei den Versionen &#8220;Skit&#8221; oder &#8220;Intro&#8221;. <\/p>\n\n<p>&#8211; Qualit\u00e4t.\nDie Musikver\u00f6ffentlichung darf keine Klangverzerrungen, Pausen, Unterbrechungen oder andere Klangfehler aufweisen.\nAufnahmen von minderer Qualit\u00e4t sind nicht erlaubt (Rauschen, schlechte Aufnahmen, unprofessionell hergestellte und abgemischte Tracks, St\u00f6rungen, Unsch\u00e4rfe, fehlender Ton, unsynchronisierter Ton).  <\/p>\n\n<p>&#8211; Kulturelle Erw\u00e4gungen.\nHassreden aufgrund von Ethnie, Religion, Geschlecht, sexueller Orientierung, nationaler\/ethnischer Herkunft oder anderer Merkmale sind nicht erlaubt.\nEs liegt in Ihrer Verantwortung, sich mit den \u00f6rtlichen Gesetzen und kulturellen Normen vertraut zu machen.\nDer Inhalt muss legal sein und den moralischen Normen des Landes oder der Region entsprechen, in der der Titel gespielt wird.   <\/p>\n\n<p>&#8211; Materialien, die \u00fcberm\u00e4\u00dfig anst\u00f6\u00dfige Inhalte, Drogenpropaganda, Diskussionen \u00fcber rassistische oder politische Themen oder Beleidigungen enthalten, sind nicht erlaubt.<\/p>\n\n<p>&#8211; &#8220;Dienstleistungen&#8221; &#8211; eine Reihe von Dienstleistungen und deren Kosten, die im Internet unter <a href=\"httpss:\/\/musicalligator.com\/public-offer\/\">httpss:\/\/musicalligator.com\/public-offer\/<\/a> ver\u00f6ffentlicht sind. Der Kunde ist f\u00fcr die Verfolgung von Service\u00e4nderungen verantwortlich. <\/p>\n\n<h4 class=\"wp-block-heading\"><strong>3. GEGENSTAND DES VERTRAGES<\/strong><\/h4>\n\n<p>3.1.\nThe Moderator provides the Customer with services according to the Service chosen by the Customer, indicated at the link <a href=\"\">httpss:\/\/musicalligator.com\/public-offer\/<\/a>, and the Customer pays for these services. <\/p>\n\n<p>3.2.\nIf the Moderator makes changes to the Services, services to the Customer continue to be provided based on the service that they selected and paid for. <\/p>\n\n<h4 class=\"wp-block-heading\"><strong>4. DAUER DER LEISTUNGSERBRINGUNG<\/strong><\/h4>\n\n<p>4.1.\nThe term of service provision depends on the selected service. <\/p>\n\n<h4 class=\"wp-block-heading\"><strong>5. KOSTEN DER DIENSTLEISTUNGEN UND ZAHLUNGSVERFAHREN<\/strong><\/h4>\n\n<p>5.1.\nThe cost of services depends on the selected service. <\/p>\n\n<p>5.2.\nPayment for services is made on the Moderator\u2019s website by cashless transfer of funds to the Moderator\u2019s details specified on the website. <\/p>\n\n<p>5.3.\nThe moment of payment is considered the moment when funds are received in the Moderator\u2019s bank account. <\/p>\n\n<h4 class=\"wp-block-heading\"><strong>6. PROZESS DER LEISTUNGSERBRINGUNG<\/strong><\/h4>\n\n<p>6.1.\nThe Customer selects a Service and makes payment for services in accordance with the Service. <\/p>\n\n<p>6.2.\nAfter payment, the Customer sends the music release to the Moderator for service provision through their personal account in the online service. <\/p>\n\n<p>6.3.\nUpon receiving payment for the services, the Moderator begins to provide the services. <\/p>\n\n<p>6.4.\nThe result of the provided services for Moderation is one of the following decisions made by the Moderator regarding the music release: <\/p>\n\n<p>6.4.1.\nApproval of the music release for its further use (if the music release meets the requirements of the Agreement); <\/p>\n\n<p>6.4.2.\nRefusal to approve the music release for further use (if the music release has violations); <\/p>\n\n<p>6.4.3.\nSending the music release for revision (if the music release has defects or infringes the rights of third parties). <\/p>\n\n<p>6.5.\nIn case the music release is sent for revision for reasons specified in section 6.4.3.\nof the Agreement, the Customer has the right within 3 calendar days from receiving notification from the Moderator to provide documents of title to the disputed result of intellectual activity.  <\/p>\n\n<p>6.5.1.\nIf documentary evidence that meets the requirements of the law is provided within the specified period, the provision of services regarding the music release will continue. <\/p>\n\n<p>6.5.2.\nIf documentary evidence is not provided within the specified period, services regarding the music release are considered to have been provided.\nIn this case, the cost of services is non-refundable.  <\/p>\n\n<p>6.6.\nIn case of refusal to approve the music release for further use, the cost of services is non-refundable.\nResending such a music release for moderation means the provision of services regarding this music release from the beginning.  <\/p>\n\n<h4 class=\"wp-block-heading\"><strong>7. VERANTWORTUNG DES MODERATORS<\/strong><\/h4>\n\n<p>7.1.\nThe Customer understands and agrees that the final decision on including the music release in playlists is made by platform editors, so the Moderator is not responsible for a platform\u2019s refusal to include the music release in playlists. <\/p>\n\n<p>7.2.\nThe Moderator provides services according to the Service chosen by the Customer and is not responsible for the Customer\u2019s infringement of third-party rights, as well as for violation of other requirements for music releases established by legislation. <\/p>\n\n<p>7.3.\nIn case the Customer violates the conditions on the ways of using the Moderator\u2019s online service, the Moderator has the right to unilaterally suspend the provision of Services, the Customer\u2019s access to the personal account on the Moderator\u2019s website or refuse to execute the Agreement and demand compensation for damages caused by the termination of the Agreement. <\/p>\n\n<h4 class=\"wp-block-heading\"><strong>8. \u00c4NDERUNGEN DER ANGEBOTSBEDINGUNGEN<\/strong><\/h4>\n\n<p>8.1.\nThe Moderator reserves the right to make changes to the terms of the Agreement and\/or withdraw the Agreement at any time at its discretion. <\/p>\n\n<p>8.2.\nIn case the Moderator makes changes to the Agreement, such changes take effect from the moment the amended text of the Agreement is posted on the Internet at <a href=\"\">httpss:\/\/musicalligator.com\/<\/a>, unless a different term for the changes to take effect is additionally defined at such posting. <\/p>\n\n<h4 class=\"wp-block-heading\"><strong>9. SCHLUSSBESTIMMUNGEN<\/strong><\/h4>\n\n<p>9.1.\nThe Customer confirms that all terms of this Agreement are clear to him, and he accepts them unconditionally and in full. <\/p>\n\n<p>9.2.\nThis Offer-Agreement becomes effective upon the Customer\u2019s acceptance of the offer and remains in force until the parties fully fulfill their obligations. <\/p>\n\n<p>9.3.\nThe Moderator has the right to unilaterally refuse to provide Services if the Customer violates any terms of this offer. <\/p>\n\n<p>9.4. All changes, appendices, and additions to this Contract are its integral parts. <\/p>\n\n<p><strong>Kontaktinformationen des Moderators:<\/strong><\/p>\n\n<p>MUSIK ALLIGATOR LTD<\/p>\n\n<p>Der eingetragene Firmensitz befindet sich in: 7 Bell Yard, London, England, WC2A 2JR<\/p>\n","protected":false},"excerpt":{"rendered":"<p>1. ALLGEMEINE BESTIMMUNGEN MUSIC ALLIGATOR LTD, im Folgenden als &#8220;Moderator&#8221; bezeichnet, bietet hiermit Personen, die an seinen Dienstleistungen interessiert sind&#8230;<\/p>\n","protected":false},"author":1,"featured_media":0,"parent":0,"menu_order":0,"comment_status":"closed","ping_status":"closed","template":"","meta":{"footnotes":""},"class_list":["post-3415","page","type-page","status-publish","hentry"],"acf":[],"yoast_head":"<!-- This site is optimized with the Yoast SEO plugin v26.1.1 - https:\/\/yoast.com\/wordpress\/plugins\/seo\/ -->\n<title>VEREINBARUNG \u00dcBER EIN \u00d6FFENTLICHES ANGEBOT F\u00dcR MODERATIONSDIENSTE - Verteile deine Musik mit Music Alligator<\/title>\n<meta name=\"description\" content=\"\u00d6ffentliche Angebotsvereinbarung f\u00fcr Moderationsdienste MusicAlligator. Wir vertreiben Ihre Musik auf Spotify, Apple Music, YouTube Music, Amazon Music und 70 weiteren Plattformen. Besuchen Sie uns, um Ihre Tracks in die Top-Playlists zu bringen!\" \/>\n<meta name=\"robots\" content=\"noindex, nofollow\" \/>\n<meta property=\"og:locale\" content=\"de_DE\" \/>\n<meta property=\"og:type\" content=\"article\" \/>\n<meta property=\"og:title\" content=\"VEREINBARUNG \u00dcBER EIN \u00d6FFENTLICHES ANGEBOT F\u00dcR MODERATIONSDIENSTE - Verteile deine Musik mit Music Alligator\" \/>\n<meta property=\"og:description\" content=\"\u00d6ffentliche Angebotsvereinbarung f\u00fcr Moderationsdienste MusicAlligator. Wir vertreiben Ihre Musik auf Spotify, Apple Music, YouTube Music, Amazon Music und 70 weiteren Plattformen. Besuchen Sie uns, um Ihre Tracks in die Top-Playlists zu bringen!\" \/>\n<meta property=\"og:url\" content=\"https:\/\/musicalligator.com\/de\/oeffentliches-angebot\/\" \/>\n<meta property=\"og:site_name\" content=\"MusicAlligator\" \/>\n<meta property=\"article:modified_time\" content=\"2024-12-10T14:22:32+00:00\" \/>\n<meta name=\"twitter:card\" content=\"summary_large_image\" \/>\n<meta name=\"twitter:label1\" content=\"Est. reading time\" \/>\n\t<meta name=\"twitter:data1\" content=\"6 minutes\" \/>\n<script type=\"application\/ld+json\" class=\"yoast-schema-graph\">{\"@context\":\"https:\/\/schema.org\",\"@graph\":[{\"@type\":\"WebPage\",\"@id\":\"https:\/\/musicalligator.com\/de\/oeffentliches-angebot\/\",\"url\":\"https:\/\/musicalligator.com\/de\/oeffentliches-angebot\/\",\"name\":\"VEREINBARUNG \u00dcBER EIN \u00d6FFENTLICHES ANGEBOT F\u00dcR MODERATIONSDIENSTE - Verteile deine Musik mit Music Alligator\",\"isPartOf\":{\"@id\":\"https:\/\/musicalligator.com\/de\/#website\"},\"datePublished\":\"2024-01-06T16:04:13+00:00\",\"dateModified\":\"2024-12-10T14:22:32+00:00\",\"description\":\"\u00d6ffentliche Angebotsvereinbarung f\u00fcr Moderationsdienste MusicAlligator. Wir vertreiben Ihre Musik auf Spotify, Apple Music, YouTube Music, Amazon Music und 70 weiteren Plattformen. Besuchen Sie uns, um Ihre Tracks in die Top-Playlists zu bringen!\",\"breadcrumb\":{\"@id\":\"https:\/\/musicalligator.com\/de\/oeffentliches-angebot\/#breadcrumb\"},\"inLanguage\":\"de-DE\",\"potentialAction\":[{\"@type\":\"ReadAction\",\"target\":[\"https:\/\/musicalligator.com\/de\/oeffentliches-angebot\/\"]}]},{\"@type\":\"BreadcrumbList\",\"@id\":\"https:\/\/musicalligator.com\/de\/oeffentliches-angebot\/#breadcrumb\",\"itemListElement\":[{\"@type\":\"ListItem\",\"position\":1,\"name\":\"Home\",\"item\":\"https:\/\/musicalligator.com\/de\/\"},{\"@type\":\"ListItem\",\"position\":2,\"name\":\"VEREINBARUNG \u00dcBER EIN \u00d6FFENTLICHES ANGEBOT F\u00dcR MODERATIONSDIENSTE\"}]},{\"@type\":\"WebSite\",\"@id\":\"https:\/\/musicalligator.com\/de\/#website\",\"url\":\"https:\/\/musicalligator.com\/de\/\",\"name\":\"Music Distribution: Digital Service for Artists & Labels\",\"description\":\"Explore the fastest digital music distribution service for independent artists &amp; labels. Get global and regional exposure with our white label platform. Join our company for unparalleled online music distribution deals.\",\"publisher\":{\"@id\":\"https:\/\/musicalligator.com\/de\/#organization\"},\"alternateName\":\"Musicalligator\",\"potentialAction\":[{\"@type\":\"SearchAction\",\"target\":{\"@type\":\"EntryPoint\",\"urlTemplate\":\"https:\/\/musicalligator.com\/de\/?s={search_term_string}\"},\"query-input\":{\"@type\":\"PropertyValueSpecification\",\"valueRequired\":true,\"valueName\":\"search_term_string\"}}],\"inLanguage\":\"de-DE\"},{\"@type\":\"Organization\",\"@id\":\"https:\/\/musicalligator.com\/de\/#organization\",\"name\":\"Music Distribution: Digital Service for Artists & Labels\",\"alternateName\":\"Musicalligator\",\"url\":\"https:\/\/musicalligator.com\/de\/\",\"logo\":{\"@type\":\"ImageObject\",\"inLanguage\":\"de-DE\",\"@id\":\"https:\/\/musicalligator.com\/de\/#\/schema\/logo\/image\/\",\"url\":\"https:\/\/musicalligator.com\/wp-content\/uploads\/2024\/08\/logo-app-MusicAlligator.png\",\"contentUrl\":\"https:\/\/musicalligator.com\/wp-content\/uploads\/2024\/08\/logo-app-MusicAlligator.png\",\"width\":512,\"height\":512,\"caption\":\"Music Distribution: Digital Service for Artists & Labels\"},\"image\":{\"@id\":\"https:\/\/musicalligator.com\/de\/#\/schema\/logo\/image\/\"}}]}<\/script>\n<!-- \/ Yoast SEO plugin. -->","yoast_head_json":{"title":"VEREINBARUNG \u00dcBER EIN \u00d6FFENTLICHES ANGEBOT F\u00dcR MODERATIONSDIENSTE - Verteile deine Musik mit Music Alligator","description":"\u00d6ffentliche Angebotsvereinbarung f\u00fcr Moderationsdienste MusicAlligator. Wir vertreiben Ihre Musik auf Spotify, Apple Music, YouTube Music, Amazon Music und 70 weiteren Plattformen. Besuchen Sie uns, um Ihre Tracks in die Top-Playlists zu bringen!","robots":{"index":"noindex","follow":"nofollow"},"og_locale":"de_DE","og_type":"article","og_title":"VEREINBARUNG \u00dcBER EIN \u00d6FFENTLICHES ANGEBOT F\u00dcR MODERATIONSDIENSTE - Verteile deine Musik mit Music Alligator","og_description":"\u00d6ffentliche Angebotsvereinbarung f\u00fcr Moderationsdienste MusicAlligator. Wir vertreiben Ihre Musik auf Spotify, Apple Music, YouTube Music, Amazon Music und 70 weiteren Plattformen. Besuchen Sie uns, um Ihre Tracks in die Top-Playlists zu bringen!","og_url":"https:\/\/musicalligator.com\/de\/oeffentliches-angebot\/","og_site_name":"MusicAlligator","article_modified_time":"2024-12-10T14:22:32+00:00","twitter_card":"summary_large_image","twitter_misc":{"Est. reading time":"6 minutes"},"schema":{"@context":"https:\/\/schema.org","@graph":[{"@type":"WebPage","@id":"https:\/\/musicalligator.com\/de\/oeffentliches-angebot\/","url":"https:\/\/musicalligator.com\/de\/oeffentliches-angebot\/","name":"VEREINBARUNG \u00dcBER EIN \u00d6FFENTLICHES ANGEBOT F\u00dcR MODERATIONSDIENSTE - Verteile deine Musik mit Music Alligator","isPartOf":{"@id":"https:\/\/musicalligator.com\/de\/#website"},"datePublished":"2024-01-06T16:04:13+00:00","dateModified":"2024-12-10T14:22:32+00:00","description":"\u00d6ffentliche Angebotsvereinbarung f\u00fcr Moderationsdienste MusicAlligator. Wir vertreiben Ihre Musik auf Spotify, Apple Music, YouTube Music, Amazon Music und 70 weiteren Plattformen. Besuchen Sie uns, um Ihre Tracks in die Top-Playlists zu bringen!","breadcrumb":{"@id":"https:\/\/musicalligator.com\/de\/oeffentliches-angebot\/#breadcrumb"},"inLanguage":"de-DE","potentialAction":[{"@type":"ReadAction","target":["https:\/\/musicalligator.com\/de\/oeffentliches-angebot\/"]}]},{"@type":"BreadcrumbList","@id":"https:\/\/musicalligator.com\/de\/oeffentliches-angebot\/#breadcrumb","itemListElement":[{"@type":"ListItem","position":1,"name":"Home","item":"https:\/\/musicalligator.com\/de\/"},{"@type":"ListItem","position":2,"name":"VEREINBARUNG \u00dcBER EIN \u00d6FFENTLICHES ANGEBOT F\u00dcR MODERATIONSDIENSTE"}]},{"@type":"WebSite","@id":"https:\/\/musicalligator.com\/de\/#website","url":"https:\/\/musicalligator.com\/de\/","name":"Music Distribution: Digital Service for Artists & Labels","description":"Explore the fastest digital music distribution service for independent artists &amp; labels. Get global and regional exposure with our white label platform. Join our company for unparalleled online music distribution deals.","publisher":{"@id":"https:\/\/musicalligator.com\/de\/#organization"},"alternateName":"Musicalligator","potentialAction":[{"@type":"SearchAction","target":{"@type":"EntryPoint","urlTemplate":"https:\/\/musicalligator.com\/de\/?s={search_term_string}"},"query-input":{"@type":"PropertyValueSpecification","valueRequired":true,"valueName":"search_term_string"}}],"inLanguage":"de-DE"},{"@type":"Organization","@id":"https:\/\/musicalligator.com\/de\/#organization","name":"Music Distribution: Digital Service for Artists & Labels","alternateName":"Musicalligator","url":"https:\/\/musicalligator.com\/de\/","logo":{"@type":"ImageObject","inLanguage":"de-DE","@id":"https:\/\/musicalligator.com\/de\/#\/schema\/logo\/image\/","url":"https:\/\/musicalligator.com\/wp-content\/uploads\/2024\/08\/logo-app-MusicAlligator.png","contentUrl":"https:\/\/musicalligator.com\/wp-content\/uploads\/2024\/08\/logo-app-MusicAlligator.png","width":512,"height":512,"caption":"Music Distribution: Digital Service for Artists & Labels"},"image":{"@id":"https:\/\/musicalligator.com\/de\/#\/schema\/logo\/image\/"}}]}},"_links":{"self":[{"href":"https:\/\/musicalligator.com\/de\/wp-json\/wp\/v2\/pages\/3415","targetHints":{"allow":["GET"]}}],"collection":[{"href":"https:\/\/musicalligator.com\/de\/wp-json\/wp\/v2\/pages"}],"about":[{"href":"https:\/\/musicalligator.com\/de\/wp-json\/wp\/v2\/types\/page"}],"author":[{"embeddable":true,"href":"https:\/\/musicalligator.com\/de\/wp-json\/wp\/v2\/users\/1"}],"replies":[{"embeddable":true,"href":"https:\/\/musicalligator.com\/de\/wp-json\/wp\/v2\/comments?post=3415"}],"version-history":[{"count":2,"href":"https:\/\/musicalligator.com\/de\/wp-json\/wp\/v2\/pages\/3415\/revisions"}],"predecessor-version":[{"id":3421,"href":"https:\/\/musicalligator.com\/de\/wp-json\/wp\/v2\/pages\/3415\/revisions\/3421"}],"wp:attachment":[{"href":"https:\/\/musicalligator.com\/de\/wp-json\/wp\/v2\/media?parent=3415"}],"curies":[{"name":"wp","href":"https:\/\/api.w.org\/{rel}","templated":true}]}}